{"id":1190,"date":"2023-10-25T10:40:16","date_gmt":"2023-10-25T08:40:16","guid":{"rendered":"https:\/\/www.prorealestate.es\/blog\/"},"modified":"2023-10-25T10:40:16","modified_gmt":"2023-10-25T08:40:16","slug":"blog","status":"publish","type":"page","link":"https:\/\/www.prorealestate.es\/fr\/blog\/","title":{"rendered":"Blog"},"content":{"rendered":"\n<section class=\"wp-block-uagb-section uagb-section__wrap uagb-section__background-none uagb-block-c7feb8b4\"><div class=\"uagb-section__overlay\"><\/div><div class=\"uagb-section__inner-wrap\"><ul class=\"wp-block-latest-posts__list is-grid columns-3 wp-block-latest-posts\"><li><div class=\"wp-block-latest-posts__featured-image\"><a href=\"https:\/\/www.prorealestate.es\/fr\/situation-de-limmobilier-a-marbella-une-interview-avec-eduardo-mas\/\" aria-label=\"Situation de l&rsquo;immobilier \u00e0 Marbella : une interview avec Eduardo M\u00e1s\"><img loading=\"lazy\" decoding=\"async\" width=\"600\" height=\"600\" src=\"https:\/\/www.prorealestate.es\/wp-content\/uploads\/2024\/06\/situacion-inmobiliaria-en-marbella-entrevista-con-eduardo-mas-pro-real-estate-600x600.webp\" class=\"attachment-thumbnail size-thumbnail wp-post-image\" alt=\"\" style=\"max-width:300px;max-height:300px;\" \/><\/a><\/div><a class=\"wp-block-latest-posts__post-title\" href=\"https:\/\/www.prorealestate.es\/fr\/situation-de-limmobilier-a-marbella-une-interview-avec-eduardo-mas\/\">Situation de l&rsquo;immobilier \u00e0 Marbella : une interview avec Eduardo M\u00e1s<\/a><div class=\"wp-block-latest-posts__post-excerpt\">Malgr\u00e9 sa prosp\u00e9rit\u00e9, le march\u00e9 immobilier de Marbella g\u00e9n\u00e8re \u00e9galement beaucoup d&rsquo;incertitude. De nombreuses personnes et acteurs du march\u00e9 se demandent comment l&rsquo;inflation \u00e9lev\u00e9e des prix de l&rsquo;immobilier \u00e0 Marbella \u00e9voluera ou si une bulle&#8230;<\/div><\/li>\n<li><div class=\"wp-block-latest-posts__featured-image\"><a href=\"https:\/\/www.prorealestate.es\/fr\/decouvrez-les-proprietes-exclusives-de-pro-real-estate-a-el-paraiso\/\" aria-label=\"D\u00e9couvrez les propri\u00e9t\u00e9s exclusives de Pro Real Estate \u00e0 El Para\u00edso.\"><img loading=\"lazy\" decoding=\"async\" width=\"600\" height=\"600\" src=\"https:\/\/www.prorealestate.es\/wp-content\/uploads\/2024\/05\/a2df8049-ac12-459b-8ee8-4b5ce7d5c9e2-600x600.jpeg\" class=\"attachment-thumbnail size-thumbnail wp-post-image\" alt=\"\" style=\"max-width:300px;max-height:300px;\" \/><\/a><\/div><a class=\"wp-block-latest-posts__post-title\" href=\"https:\/\/www.prorealestate.es\/fr\/decouvrez-les-proprietes-exclusives-de-pro-real-estate-a-el-paraiso\/\">D\u00e9couvrez les propri\u00e9t\u00e9s exclusives de Pro Real Estate \u00e0 El Para\u00edso.<\/a><div class=\"wp-block-latest-posts__post-excerpt\">L&rsquo;un des quartiers les plus exclusifs de la Costa del Sol, El Para\u00edso, offre un m\u00e9lange unique de solitude, d&rsquo;opulence et d&rsquo;acc\u00e8s facile \u00e0 des commodit\u00e9s de premier ordre. Nous, chez Pro Real Estate, sommes&#8230;<\/div><\/li>\n<li><div class=\"wp-block-latest-posts__featured-image\"><a href=\"https:\/\/www.prorealestate.es\/fr\/pro-real-estate-service-immobilier-personnalise-a-marbella\/\" aria-label=\"PRO Real Estate : Service immobilier personnalis\u00e9 \u00e0 Marbella\"><img loading=\"lazy\" decoding=\"async\" width=\"600\" height=\"600\" src=\"https:\/\/www.prorealestate.es\/wp-content\/uploads\/2024\/04\/pro-real-estate-marbella-real-estate-600x600.png\" class=\"attachment-thumbnail size-thumbnail wp-post-image\" alt=\"\" style=\"max-width:300px;max-height:300px;\" \/><\/a><\/div><a class=\"wp-block-latest-posts__post-title\" href=\"https:\/\/www.prorealestate.es\/fr\/pro-real-estate-service-immobilier-personnalise-a-marbella\/\">PRO Real Estate : Service immobilier personnalis\u00e9 \u00e0 Marbella<\/a><div class=\"wp-block-latest-posts__post-excerpt\">Avec plus de 35 ans d&rsquo;exp\u00e9rience, PRO Real Estate est un exemple \u00e9clatant de fiabilit\u00e9 et d&rsquo;adaptabilit\u00e9 dans le march\u00e9 immobilier en constante \u00e9volution de Marbella. Fond\u00e9e en 1985 par le professionnel Francis Toebak, \u00e0&#8230;<\/div><\/li>\n<li><div class=\"wp-block-latest-posts__featured-image\"><a href=\"https:\/\/www.prorealestate.es\/fr\/new-golden-mile-ou-limmobilier-exclusif-rencontre-estepona\/\" aria-label=\"New Golden Mile \u2014 o\u00f9 l&rsquo;immobilier exclusif rencontre Estepona\"><img loading=\"lazy\" decoding=\"async\" width=\"600\" height=\"600\" src=\"https:\/\/www.prorealestate.es\/wp-content\/uploads\/2024\/03\/new-golden-mile-estepona-1-600x600.jpg\" class=\"attachment-thumbnail size-thumbnail wp-post-image\" alt=\"\" style=\"max-width:300px;max-height:300px;\" \/><\/a><\/div><a class=\"wp-block-latest-posts__post-title\" href=\"https:\/\/www.prorealestate.es\/fr\/new-golden-mile-ou-limmobilier-exclusif-rencontre-estepona\/\">New Golden Mile \u2014 o\u00f9 l&rsquo;immobilier exclusif rencontre Estepona<\/a><div class=\"wp-block-latest-posts__post-excerpt\">La marque \u00ab\u00a0Golden Mile\u00a0\u00bb de la Costa del Sol n&rsquo;est plus exclusive \u00e0 Marbella. Ni non plus aux \u00e9l\u00e9gantes avenues bord\u00e9es de palmiers \u00e0 Sotogrande. Le splendide immobilier de luxe sur cette c\u00f4te m\u00e9diterran\u00e9enne transforme&#8230;<\/div><\/li>\n<li><div class=\"wp-block-latest-posts__featured-image\"><a href=\"https:\/\/www.prorealestate.es\/fr\/proprietes-a-marbella-les-4-cles-pour-reussir-a-vendre-ou-louer\/\" aria-label=\"Propri\u00e9t\u00e9s \u00e0 Marbella : les 4 cl\u00e9s pour r\u00e9ussir \u00e0 vendre ou louer\"><img loading=\"lazy\" decoding=\"async\" width=\"600\" height=\"600\" src=\"https:\/\/www.prorealestate.es\/wp-content\/uploads\/2024\/02\/Anadir-un-poco-de-texto-26-600x600.png\" class=\"attachment-thumbnail size-thumbnail wp-post-image\" alt=\"\" style=\"max-width:300px;max-height:300px;\" \/><\/a><\/div><a class=\"wp-block-latest-posts__post-title\" href=\"https:\/\/www.prorealestate.es\/fr\/proprietes-a-marbella-les-4-cles-pour-reussir-a-vendre-ou-louer\/\">Propri\u00e9t\u00e9s \u00e0 Marbella : les 4 cl\u00e9s pour r\u00e9ussir \u00e0 vendre ou louer<\/a><div class=\"wp-block-latest-posts__post-excerpt\">Avec 40 ans d&rsquo;exp\u00e9rience dans les propri\u00e9t\u00e9s \u00e0 Marbella, Pro Real Estate con\u00e7oit des strat\u00e9gies compl\u00e8tes pour mettre en valeur votre propri\u00e9t\u00e9 \u00e0 vendre ou \u00e0 louer. Louer des propri\u00e9t\u00e9s \u00e0 Marbella ou vendre des&#8230;<\/div><\/li>\n<li><div class=\"wp-block-latest-posts__featured-image\"><a href=\"https:\/\/www.prorealestate.es\/fr\/decouvrez-atalaya-a-estepona-une-beaute-cotiere-incroyable-et-des-vues-splendides\/\" aria-label=\"D\u00e9couvrez Atalaya \u00e0 Estepona : Une beaut\u00e9 c\u00f4ti\u00e8re incroyable et des vues splendides\"><img loading=\"lazy\" decoding=\"async\" width=\"600\" height=\"600\" src=\"https:\/\/www.prorealestate.es\/wp-content\/uploads\/2024\/01\/Atalaya-Real-Estate-600x600.jpeg\" class=\"attachment-thumbnail size-thumbnail wp-post-image\" alt=\"\" style=\"max-width:300px;max-height:300px;\" \/><\/a><\/div><a class=\"wp-block-latest-posts__post-title\" href=\"https:\/\/www.prorealestate.es\/fr\/decouvrez-atalaya-a-estepona-une-beaute-cotiere-incroyable-et-des-vues-splendides\/\">D\u00e9couvrez Atalaya \u00e0 Estepona : Une beaut\u00e9 c\u00f4ti\u00e8re incroyable et des vues splendides<\/a><div class=\"wp-block-latest-posts__post-excerpt\">Atalaya, Estepona : Beaut\u00e9 c\u00f4ti\u00e8re in\u00e9gal\u00e9e et quartier familial exceptionnel Atalaya se situe \u00e0 l&rsquo;extr\u00e9mit\u00e9 est d&rsquo;Estepona, divis\u00e9e par la route principale en secteurs c\u00f4tiers et collinaires. Le secteur c\u00f4tier est bord\u00e9 par Casasol \u00e0&#8230;<\/div><\/li>\n<li><div class=\"wp-block-latest-posts__featured-image\"><a href=\"https:\/\/www.prorealestate.es\/fr\/los-flamingos-exceptionnel-devoile-par-pro-real-estate-un-lieu-qui-transformera-votre-vie\/\" aria-label=\"Los Flamingos exceptionnel d\u00e9voil\u00e9 par Pro Real Estate, un lieu qui transformera votre vie\"><img loading=\"lazy\" decoding=\"async\" width=\"600\" height=\"600\" src=\"https:\/\/www.prorealestate.es\/wp-content\/uploads\/2023\/12\/los-flamingos-living-2023-600x600.webp\" class=\"attachment-thumbnail size-thumbnail wp-post-image\" alt=\"\" style=\"max-width:300px;max-height:300px;\" \/><\/a><\/div><a class=\"wp-block-latest-posts__post-title\" href=\"https:\/\/www.prorealestate.es\/fr\/los-flamingos-exceptionnel-devoile-par-pro-real-estate-un-lieu-qui-transformera-votre-vie\/\">Los Flamingos exceptionnel d\u00e9voil\u00e9 par Pro Real Estate, un lieu qui transformera votre vie<\/a><div class=\"wp-block-latest-posts__post-excerpt\">Nich\u00e9 au c\u0153ur de la beaut\u00e9 de la Costa del Sol, vous d\u00e9couvrirez la pittoresque r\u00e9gion de Los Flamingos, l&rsquo;un des meilleurs endroits pour acheter une propri\u00e9t\u00e9 sur la Costa del Sol. Au-del\u00e0 des complexes&#8230;<\/div><\/li>\n<li><div class=\"wp-block-latest-posts__featured-image\"><a href=\"https:\/\/www.prorealestate.es\/fr\/decouvrez-le-mode-de-vie-spectaculaire-de-guadalmina-ou-la-belle-mediterranee-fera-de-votre-vie-un-cadeau\/\" aria-label=\"D\u00e9couvrez le Mode de Vie Spectaculaire de Guadalmina : O\u00f9 la Belle M\u00e9diterran\u00e9e Fera de Votre Vie un Cadeau\"><img loading=\"lazy\" decoding=\"async\" width=\"600\" height=\"600\" src=\"https:\/\/www.prorealestate.es\/wp-content\/uploads\/2023\/11\/guadalmina-baja_-excelente-oportunidad-en-1a-linea-de-playa-en-una-de-las-mas-600x600.jpeg\" class=\"attachment-thumbnail size-thumbnail wp-post-image\" alt=\"\" style=\"max-width:300px;max-height:300px;\" \/><\/a><\/div><a class=\"wp-block-latest-posts__post-title\" href=\"https:\/\/www.prorealestate.es\/fr\/decouvrez-le-mode-de-vie-spectaculaire-de-guadalmina-ou-la-belle-mediterranee-fera-de-votre-vie-un-cadeau\/\">D\u00e9couvrez le Mode de Vie Spectaculaire de Guadalmina : O\u00f9 la Belle M\u00e9diterran\u00e9e Fera de Votre Vie un Cadeau<\/a><div class=\"wp-block-latest-posts__post-excerpt\">Nich\u00e9 dans l&rsquo;\u00e9tendue vibrante de la Costa del Sol se trouve le pr\u00e9cieux bijou de Guadalmina. Une destination pris\u00e9e, r\u00e9put\u00e9e pour son charme m\u00e9diterran\u00e9en et son mode de vie sophistiqu\u00e9. En tant qu&rsquo;agent immobilier de&#8230;<\/div><\/li>\n<li><div class=\"wp-block-latest-posts__featured-image\"><a href=\"https:\/\/www.prorealestate.es\/fr\/decouvrez-les-cadres-les-plus-eblouissants-de-la-costa-del-sol-les-meilleures-localisations-pour-acheter-votre-nouvelle-propriete-spectaculaire\/\" aria-label=\"D\u00e9couvrez les Cadres les Plus \u00c9blouissants de la Costa del Sol : les Meilleures Localisations pour Acheter Votre Nouvelle Propri\u00e9t\u00e9 Spectaculaire !\"><img loading=\"lazy\" decoding=\"async\" width=\"600\" height=\"600\" src=\"https:\/\/www.prorealestate.es\/wp-content\/uploads\/2023\/10\/Diseno-sin-titulo-59-600x600.png\" class=\"attachment-thumbnail size-thumbnail wp-post-image\" alt=\"\" style=\"max-width:300px;max-height:300px;\" \/><\/a><\/div><a class=\"wp-block-latest-posts__post-title\" href=\"https:\/\/www.prorealestate.es\/fr\/decouvrez-les-cadres-les-plus-eblouissants-de-la-costa-del-sol-les-meilleures-localisations-pour-acheter-votre-nouvelle-propriete-spectaculaire\/\">D\u00e9couvrez les Cadres les Plus \u00c9blouissants de la Costa del Sol : les Meilleures Localisations pour Acheter Votre Nouvelle Propri\u00e9t\u00e9 Spectaculaire !<\/a><div class=\"wp-block-latest-posts__post-excerpt\">Dans ce blog, l&rsquo;agence immobili\u00e8re leader \u00e0 Marbella, Pro Real Estate \u00e0 Guadalmina, va parler bri\u00e8vement de certaines des meilleures zones pour acheter une propri\u00e9t\u00e9 sur la Costa del Sol. Lorsqu&rsquo;il s&rsquo;agit de trouver votre&#8230;<\/div><\/li>\n<\/ul><\/div><\/section>\n","protected":false},"excerpt":{"rendered":"","protected":false},"author":2,"featured_media":0,"parent":0,"menu_order":0,"comment_status":"closed","ping_status":"closed","template":"","meta":{"_uag_custom_page_level_css":"","_monsterinsights_skip_tracking":false,"_monsterinsights_sitenote_active":false,"_monsterinsights_sitenote_note":"","_monsterinsights_sitenote_category":0,"_uf_show_specific_survey":0,"_uf_disable_surveys":false,"footnotes":""},"class_list":["post-1190","page","type-page","status-publish","hentry"],"aioseo_notices":[],"uagb_featured_image_src":{"full":false,"thumbnail":false,"medium":false,"medium_large":false,"large":false,"1536x1536":false,"2048x2048":false,"big-size":false},"uagb_author_info":{"display_name":"Proguadalmina","author_link":"https:\/\/www.prorealestate.es\/fr\/author\/proguadalmina\/"},"uagb_comment_info":0,"uagb_excerpt":null,"_links":{"self":[{"href":"https:\/\/www.prorealestate.es\/fr\/wp-json\/wp\/v2\/pages\/1190","targetHints":{"allow":["GET"]}}],"collection":[{"href":"https:\/\/www.prorealestate.es\/fr\/wp-json\/wp\/v2\/pages"}],"about":[{"href":"https:\/\/www.prorealestate.es\/fr\/wp-json\/wp\/v2\/types\/page"}],"author":[{"embeddable":true,"href":"https:\/\/www.prorealestate.es\/fr\/wp-json\/wp\/v2\/users\/2"}],"replies":[{"embeddable":true,"href":"https:\/\/www.prorealestate.es\/fr\/wp-json\/wp\/v2\/comments?post=1190"}],"version-history":[{"count":0,"href":"https:\/\/www.prorealestate.es\/fr\/wp-json\/wp\/v2\/pages\/1190\/revisions"}],"wp:attachment":[{"href":"https:\/\/www.prorealestate.es\/fr\/wp-json\/wp\/v2\/media?parent=1190"}],"curies":[{"name":"wp","href":"https:\/\/api.w.org\/{rel}","templated":true}]}}