{"id":1189,"date":"2022-06-23T12:22:14","date_gmt":"2022-06-23T10:22:14","guid":{"rendered":"https:\/\/www.prorealestate.es\/sales-process\/"},"modified":"2024-10-18T12:05:29","modified_gmt":"2024-10-18T10:05:29","slug":"processus-de-vente","status":"publish","type":"page","link":"https:\/\/www.prorealestate.es\/fr\/a-propos-de-pro-real-estate\/processus-de-vente\/","title":{"rendered":"Processus de vente"},"content":{"rendered":"\n<section class=\"wp-block-uagb-section uagb-section__wrap uagb-section__background-none uagb-block-311e8b7f\"><div class=\"uagb-section__overlay\"><\/div><div class=\"uagb-section__inner-wrap\">\n<section class=\"wp-block-uagb-columns uagb-columns__wrap uagb-columns__background-none uagb-columns__stack-mobile uagb-columns__valign- uagb-columns__gap-0 align uagb-block-ab7971f7 uagb-columns__columns-2 uagb-columns__max_width-theme\"><div class=\"uagb-columns__overlay\"><\/div><div class=\"uagb-columns__inner-wrap uagb-columns__columns-2\">\n<div class=\"wp-block-uagb-column uagb-column__wrap uagb-column__background-undefined uagb-block-6bb93773\"><div class=\"uagb-column__overlay\"><\/div>\n<div style=\"height:48px\" aria-hidden=\"true\" class=\"wp-block-spacer\"><\/div>\n\n\n\n<h1 class=\"wp-block-heading\"><br>Processus de vente<\/h1>\n\n\n\n<div style=\"height:20px\" aria-hidden=\"true\" class=\"wp-block-spacer uag-hide-mob uag-hide-mob\"><\/div>\n\n\n\n<h2 class=\"wp-block-heading\" style=\"line-height:1.7\"><strong>Pro Real Estate<\/strong> offre un service immobilier complet tant pour les vendeurs que pour les acheteurs.<\/h2>\n\n\n\n<div style=\"height:48px\" aria-hidden=\"true\" class=\"wp-block-spacer\"><\/div>\n<\/div>\n\n\n\n<div class=\"wp-block-uagb-column uagb-column__wrap uagb-column__background-undefined uagb-block-6d5e76eb\"><div class=\"uagb-column__overlay\"><\/div>\n<div style=\"height:48px\" aria-hidden=\"true\" class=\"wp-block-spacer uag-hide-mob uag-hide-mob\"><\/div>\n\n\n\n<p>Cela commence par une \u00e9valuation pr\u00e9cise et r\u00e9aliste, ainsi que des conseils sur la meilleure fa\u00e7on de pr\u00e9senter et de pr\u00e9parer la propri\u00e9t\u00e9 pour le march\u00e9. Cela peut inclure des propositions de design ou de r\u00e9novation qui ajoutent de la valeur tant pour le vendeur que pour l&rsquo;acheteur. Ce soutien s&rsquo;applique tout au long du processus de vente, pendant lequel nous conseillons et accompagnons l&rsquo;acheteur depuis les premiers pas jusqu&rsquo;\u00e0 la conclusion de la transaction, en offrant m\u00eame un soutien ult\u00e9rieur si n\u00e9cessaire.<\/p>\n<\/div>\n<\/div><\/section>\n<\/div><\/section>\n\n\n\n<section class=\"wp-block-uagb-section uagb-section__wrap uagb-section__background-gradient uagb-block-710e4d86\"><div class=\"uagb-section__overlay\"><\/div><div class=\"uagb-section__inner-wrap\">\n<section class=\"wp-block-uagb-columns uagb-columns__wrap uagb-columns__background-none uagb-columns__stack-mobile uagb-columns__valign- uagb-columns__gap-0 align uagb-block-7796a1b1 uagb-columns__columns-2 uagb-columns__max_width-theme\"><div class=\"uagb-columns__overlay\"><\/div><div class=\"uagb-columns__inner-wrap uagb-columns__columns-2\">\n<div class=\"wp-block-uagb-column uagb-column__wrap uagb-column__background-undefined uagb-block-73c91a95\"><div class=\"uagb-column__overlay\"><\/div>\n<p>Contactez <strong>PRO Real Estate<\/strong> pour savoir comment nous pouvons vous aider.<\/p>\n\n\n\n<div style=\"height:50px\" aria-hidden=\"true\" class=\"wp-block-spacer\"><\/div>\n\n\n\n<h2 class=\"wp-block-heading\">Consultation immobili\u00e8re <br>personnalis\u00e9e<\/h2>\n\n\n\n<p>Nous connaissons les diff\u00e9rentes propri\u00e9t\u00e9s, zones et styles de vie que chacune d&rsquo;elles offre, mais nous ne connaissons pas vos pr\u00e9f\u00e9rences, go\u00fbts et besoins personnels. C&rsquo;est pourquoi nous prenons le temps qu&rsquo;il faut pour nous asseoir et vous \u00e9couter avec la plus grande attention, en sachant quelles questions poser pour nous faire une id\u00e9e pr\u00e9cise du type de logement et de style de vie que vous recherchez.<\/p>\n<\/div>\n\n\n\n<div class=\"wp-block-uagb-column uagb-column__wrap uagb-column__background-undefined uagb-block-c46abb1d\"><div class=\"uagb-column__overlay\"><\/div>\n<figure class=\"wp-block-image size-large is-style-default\"><img loading=\"lazy\" decoding=\"async\" width=\"1024\" height=\"512\" src=\"https:\/\/www.prorealestate.es\/wp-content\/uploads\/2022\/07\/sales-proccess-1024x512.jpg\" alt=\"Sales proccess\" class=\"wp-image-277\" srcset=\"https:\/\/www.prorealestate.es\/wp-content\/uploads\/2022\/07\/sales-proccess-1024x512.jpg 1024w, https:\/\/www.prorealestate.es\/wp-content\/uploads\/2022\/07\/sales-proccess-300x150.jpg 300w, https:\/\/www.prorealestate.es\/wp-content\/uploads\/2022\/07\/sales-proccess-768x384.jpg 768w, https:\/\/www.prorealestate.es\/wp-content\/uploads\/2022\/07\/sales-proccess.jpg 1200w\" sizes=\"auto, (max-width: 1024px) 100vw, 1024px\" \/><\/figure>\n<\/div>\n<\/div><\/section>\n\n\n\n<section class=\"wp-block-uagb-columns uagb-columns__wrap uagb-columns__background-none uagb-columns__stack-mobile uagb-columns__valign- uagb-columns__gap-0 align uagb-block-ba472834 uagb-columns__columns-2 uagb-columns__max_width-theme\"><div class=\"uagb-columns__overlay\"><\/div><div class=\"uagb-columns__inner-wrap uagb-columns__columns-2\">\n<div class=\"wp-block-uagb-column uagb-column__wrap uagb-column__background-undefined uagb-block-e5aac829\"><div class=\"uagb-column__overlay\"><\/div>\n<div style=\"height:80px\" aria-hidden=\"true\" class=\"wp-block-spacer\"><\/div>\n\n\n\n<h2 class=\"wp-block-heading\">Services professionnels <br>pour investisseurs<\/h2>\n\n\n\n<p>Nos services sont demand\u00e9s par des investisseurs de petite et grande envergure \u00e0 la recherche de terrains \u00e0 urbaniser, ainsi que d&rsquo;opportunit\u00e9s dans des propri\u00e9t\u00e9s r\u00e9sidentielles et des locaux commerciaux d\u00e9j\u00e0 existants. Dans tous les cas o\u00f9 nous supervisons des travaux, nous demandons et obtenons les permis n\u00e9cessaires et collaborons avec des experts, architectes, entrepreneurs, ing\u00e9nieurs et paysagistes pour d\u00e9passer les attentes.<\/p>\n<\/div>\n\n\n\n<div class=\"wp-block-uagb-column uagb-column__wrap uagb-column__background-undefined uagb-block-6c4663a6\"><div class=\"uagb-column__overlay\"><\/div>\n<div style=\"height:80px\" aria-hidden=\"true\" class=\"wp-block-spacer\"><\/div>\n\n\n\n<h2 class=\"wp-block-heading\">Consultation juridique <br>et fiscale<\/h2>\n\n\n\n<p>Le processus d&rsquo;achat de propri\u00e9t\u00e9s en Espagne est assez direct et transparent. Toutefois, pour les acheteurs qui ne sont pas familiers avec ce processus, nous fournissons un guide d&rsquo;achat ainsi qu&rsquo;une liste de cabinets d&rsquo;avocats, de comptables et d&rsquo;experts fiscaux que nous recommandons, basant notre s\u00e9lection sur de nombreuses ann\u00e9es de collaboration \u00e9troite avec chacun d&rsquo;eux. Ils vous aideront \u00e0 d\u00e9terminer quelles sont les meilleures options pour vous.<\/p>\n<\/div>\n<\/div><\/section>\n\n\n\n<section class=\"wp-block-uagb-columns uagb-columns__wrap uagb-columns__background-none uagb-columns__stack-mobile uagb-columns__valign- uagb-columns__gap-0 align uagb-block-1a532d49 uagb-columns__columns-2 uagb-columns__max_width-theme\"><div class=\"uagb-columns__overlay\"><\/div><div class=\"uagb-columns__inner-wrap uagb-columns__columns-2\">\n<div class=\"wp-block-uagb-column uagb-column__wrap uagb-column__background-undefined uagb-block-240e3e50\"><div class=\"uagb-column__overlay\"><\/div>\n<div style=\"height:80px\" aria-hidden=\"true\" class=\"wp-block-spacer\"><\/div>\n\n\n\n<h2 class=\"wp-block-heading\">Gestion <br>immobili\u00e8re<\/h2>\n\n\n\n<p>De nombreuses personnes ayant achet\u00e9 par notre interm\u00e9diaire ont continu\u00e9 \u00e0 utiliser nos services de gestion immobili\u00e8re, qui comprennent l&rsquo;entretien quotidien de la maison et des services publics, l&rsquo;assurance que votre propri\u00e9t\u00e9 est en parfait \u00e9tat, ou la gestion de la location de votre bien pour maximiser votre investissement, que ce soit pour des locations \u00e0 long terme ou saisonni\u00e8res.<\/p>\n<\/div>\n\n\n\n<div class=\"wp-block-uagb-column uagb-column__wrap uagb-column__background-undefined uagb-block-0a8d23d9\"><div class=\"uagb-column__overlay\"><\/div>\n<div style=\"height:80px\" aria-hidden=\"true\" class=\"wp-block-spacer\"><\/div>\n\n\n\n<h2 class=\"wp-block-heading\">Services de construction <br>et de r\u00e9novation<\/h2>\n\n\n\n<p><strong>PRO Real Estate<\/strong> dispose d&rsquo;une pr\u00e9cieuse liste de contacts professionnels \u00e9tablie au fil des ann\u00e9es, ce qui nous permet de vous aider si vous souhaitez r\u00e9nover, am\u00e9nager ou r\u00e9former votre maison, ou satisfaire vos d\u00e9sirs d&rsquo;une autre mani\u00e8re. Nous recherchons \u00e9galement des parcelles pour des propri\u00e9taires priv\u00e9s et construisons des logements selon leurs exigences, budget et d\u00e9lais.<\/p>\n<\/div>\n<\/div><\/section>\n<\/div><\/section>\n\n\n\n<section class=\"wp-block-uagb-section uagb-section__wrap uagb-section__background-image uagb-block-0c3f6e1a\"><div class=\"uagb-section__overlay\"><\/div><div class=\"uagb-section__inner-wrap\">\n<hr class=\"wp-block-separator has-alpha-channel-opacity\"\/>\n\n\n\n<div style=\"height:20px\" aria-hidden=\"true\" class=\"wp-block-spacer\"><\/div>\n\n\n\n<h3 class=\"wp-block-heading\" style=\"font-size:32px\">Contactez-nous<\/h3>\n\n\n\n<div style=\"height:20px\" aria-hidden=\"true\" class=\"wp-block-spacer\"><\/div>\n\n\n\n<h2 class=\"wp-block-heading\" style=\"line-height:1.7\">Si vous avez la moindre question, \u00e9crivez-nous sans engagement, <br>notre \u00e9quipe vous r\u00e9pondra dans les plus brefs d\u00e9lais..<\/h2>\n\n\n\n<div style=\"height:48px\" aria-hidden=\"true\" class=\"wp-block-spacer\"><\/div>\n\n\n\n<div class=\"wp-block-contact-form-7-contact-form-selector\">\n<div class=\"wpcf7 no-js\" id=\"wpcf7-f1256-o1\" lang=\"fr-FR\" dir=\"ltr\" data-wpcf7-id=\"1256\">\n<div class=\"screen-reader-response\"><p role=\"status\" aria-live=\"polite\" aria-atomic=\"true\"><\/p> <ul><\/ul><\/div>\n<form action=\"\/fr\/wp-json\/wp\/v2\/pages\/1189#wpcf7-f1256-o1\" method=\"post\" class=\"wpcf7-form init wpcf7-acceptance-as-validation\" aria-label=\"Formulaire de contact\" novalidate=\"novalidate\" data-status=\"init\">\n<fieldset class=\"hidden-fields-container\"><input type=\"hidden\" name=\"_wpcf7\" value=\"1256\" \/><input type=\"hidden\" name=\"_wpcf7_version\" value=\"6.1.5\" \/><input type=\"hidden\" name=\"_wpcf7_locale\" value=\"fr_FR\" \/><input type=\"hidden\" name=\"_wpcf7_unit_tag\" value=\"wpcf7-f1256-o1\" \/><input type=\"hidden\" name=\"_wpcf7_container_post\" value=\"0\" \/><input type=\"hidden\" name=\"_wpcf7_posted_data_hash\" value=\"\" \/><input type=\"hidden\" name=\"_wpcf7_recaptcha_response\" value=\"\" \/>\n<\/fieldset>\n<div class=\"row\">\n\t<div class=\"col-md-6 pb-3\">\n\t\t<p><label><span class=\"wpcf7-form-control-wrap\" data-name=\"your-name\"><input size=\"40\" maxlength=\"400\" class=\"wpcf7-form-control wpcf7-text wpcf7-validates-as-required form-control\" aria-required=\"true\" aria-invalid=\"false\" placeholder=\"Nom complet *\" value=\"\" type=\"text\" name=\"your-name\" \/><\/span><\/label>\n\t\t<\/p>\n\t<\/div>\n\t<div class=\"col-md-12\">\n\t<\/div>\n\t<div class=\"col-md-3 pb-3\" class:form-control>\n\t\t<p><label><span class=\"wpcf7-form-control-wrap\" data-name=\"tel-380\"><input size=\"40\" maxlength=\"400\" class=\"wpcf7-form-control wpcf7-tel wpcf7-text wpcf7-validates-as-tel form-control\" aria-invalid=\"false\" placeholder=\"T\u00e9l\u00e9phone\" value=\"\" type=\"tel\" name=\"tel-380\" \/><\/span><\/label><span class=\"size-11 font-color-grey ms-3\">Veuillez ajouter l'indicatif du pays<\/span>\n\t\t<\/p>\n\t<\/div>\n\t<div class=\"col-md-3 pb-3\">\n\t\t<p><label><span class=\"wpcf7-form-control-wrap\" data-name=\"countrytext-287\"><input size=\"40\" class=\"wpcf7-form-control wpcf7-countrytext wpcf7-text wpcf7-validates-as-countrytext form-select\" aria-invalid=\"false\" value=\"\" type=\"text\" name=\"countrytext-287\" \/><\/span><\/label>\n\t\t<\/p>\n\t<\/div>\n\t<div class=\"col-md-6 pb-3\">\n\t\t<p><label><span class=\"wpcf7-form-control-wrap\" data-name=\"your-email\"><input size=\"40\" maxlength=\"400\" class=\"wpcf7-form-control wpcf7-email wpcf7-validates-as-required wpcf7-text wpcf7-validates-as-email form-control\" aria-required=\"true\" aria-invalid=\"false\" placeholder=\"Email *\" value=\"\" type=\"email\" name=\"your-email\" \/><\/span><\/label>\n\t\t<\/p>\n\t<\/div>\n\t<p>Que recherchez-vous ?\n\t<\/p>\n\t<div class=\"col-md-3 pb-3\">\n\t\t<p><label><span class=\"wpcf7-form-control-wrap\" data-name=\"your-property\"><input size=\"40\" maxlength=\"400\" class=\"wpcf7-form-control wpcf7-text form-control\" aria-invalid=\"false\" placeholder=\"Type de propri\u00e9t\u00e9\" value=\"\" type=\"text\" name=\"your-property\" \/><\/span><\/label>\n\t\t<\/p>\n\t<\/div>\n\t<div class=\"col-md-3 pb-3\">\n\t\t<p><label><span class=\"wpcf7-form-control-wrap\" data-name=\"your-budget\"><input size=\"40\" maxlength=\"400\" class=\"wpcf7-form-control wpcf7-text wpcf7-validates-as-required form-control\" aria-required=\"true\" aria-invalid=\"false\" placeholder=\"Budget (EUR) *\" value=\"\" type=\"text\" name=\"your-budget\" \/><\/span><\/label>\n\t\t<\/p>\n\t<\/div>\n\t<div class=\"col-md-3 pb-3\">\n\t\t<p><span class=\"wpcf7-form-control-wrap\" data-name=\"your-enquiry\"><span class=\"wpcf7-form-control wpcf7-checkbox wpcf7-exclusive-checkbox\"><span class=\"wpcf7-list-item first\"><span class=\"wpcf7-list-item-label\">Achat<\/span><input type=\"checkbox\" name=\"your-enquiry\" value=\"Achat\" checked=\"checked\" \/><\/span><span class=\"wpcf7-list-item\"><span class=\"wpcf7-list-item-label\">Vente<\/span><input type=\"checkbox\" name=\"your-enquiry\" value=\"Vente\" \/><\/span><span class=\"wpcf7-list-item last\"><span class=\"wpcf7-list-item-label\">Location<\/span><input type=\"checkbox\" name=\"your-enquiry\" value=\"Location\" \/><\/span><\/span><\/span>\n\t\t<\/p>\n\t<\/div>\n\t<div class=\"col-md-6 pb-3\">\n\t\t<p>O\u00f9 nous avez-vous trouv\u00e9s ?\n\t\t<\/p>\n\t\t<p><span class=\"wpcf7-form-control-wrap\" data-name=\"your-enquiry\"><span class=\"wpcf7-form-control wpcf7-checkbox\"><span class=\"wpcf7-list-item first\"><span class=\"wpcf7-list-item-label\">Google<\/span><input type=\"checkbox\" name=\"your-enquiry[]\" value=\"Google\" \/><\/span><span class=\"wpcf7-list-item\"><span class=\"wpcf7-list-item-label\">Instagram<\/span><input type=\"checkbox\" name=\"your-enquiry[]\" value=\"Instagram\" \/><\/span><span class=\"wpcf7-list-item\"><span class=\"wpcf7-list-item-label\">Facebook<\/span><input type=\"checkbox\" name=\"your-enquiry[]\" value=\"Facebook\" \/><\/span><span class=\"wpcf7-list-item\"><span class=\"wpcf7-list-item-label\">Linkedin<\/span><input type=\"checkbox\" name=\"your-enquiry[]\" value=\"Linkedin\" \/><\/span><span class=\"wpcf7-list-item last\"><span class=\"wpcf7-list-item-label\">Recommendation<\/span><input type=\"checkbox\" name=\"your-enquiry[]\" value=\"Recommendation\" \/><\/span><\/span><\/span>\n\t\t<\/p>\n\t<\/div>\n\t<div class=\"col-md-12 pb-3\">\n\t\t<p><label><span class=\"wpcf7-form-control-wrap\" data-name=\"your-message\"><textarea cols=\"40\" rows=\"10\" maxlength=\"2000\" class=\"wpcf7-form-control wpcf7-textarea form-control\" aria-invalid=\"false\" placeholder=\"Votre message\" name=\"your-message\"><\/textarea><\/span><\/label>\n\t\t<\/p>\n\t<\/div>\n\t<div class=\"col-md-6 pb-4\">\n\t\t<div class=\"mb-2\">\n\t\t\t<p><label><span class=\"wpcf7-form-control-wrap\" data-name=\"acceptance-947\"><span class=\"wpcf7-form-control wpcf7-acceptance\"><span class=\"wpcf7-list-item\"><input type=\"checkbox\" name=\"acceptance-947\" value=\"1\" aria-invalid=\"false\" \/><\/span><\/span><\/span> J'ai lu et j'accepte la <a href=\"\/fr\/privacy-policy\/\" target=\"_blank\"><strong>politique de confidentialit\u00e9<\/strong><\/a><\/label>\n\t\t\t<\/p>\n\t\t<\/div>\n\t\t<div class=\"mt-1\">\n\t\t\t<p><label class=\"d-flex\"><span class=\"wpcf7-form-control-wrap\" data-name=\"acceptance-948\"><span class=\"wpcf7-form-control wpcf7-acceptance optional\"><span class=\"wpcf7-list-item\"><input type=\"checkbox\" name=\"acceptance-948\" value=\"1\" aria-invalid=\"false\" \/><\/span><\/span><\/span> J'accepte de recevoir des informations commerciales de Pro Real Estate<\/label>\n\t\t\t<\/p>\n\t\t<\/div>\n\t<\/div>\n\t<div class=\"col-md-3 offset-md-3\">\n\t\t<p><input class=\"wpcf7-form-control wpcf7-submit has-spinner btn btn-primary\" type=\"submit\" value=\"Envoyer\" \/>\n\t\t<\/p>\n\t<\/div>\n<\/div><div class=\"wpcf7-response-output\" aria-hidden=\"true\"><\/div>\n<\/form>\n<\/div>\n<\/div>\n<\/div><\/section>\n","protected":false},"excerpt":{"rendered":"","protected":false},"author":3,"featured_media":0,"parent":1199,"menu_order":0,"comment_status":"closed","ping_status":"closed","template":"","meta":{"_uag_custom_page_level_css":"","_monsterinsights_skip_tracking":false,"_monsterinsights_sitenote_active":false,"_monsterinsights_sitenote_note":"","_monsterinsights_sitenote_category":0,"_uf_show_specific_survey":0,"_uf_disable_surveys":false,"footnotes":""},"class_list":["post-1189","page","type-page","status-publish","hentry"],"aioseo_notices":[],"uagb_featured_image_src":{"full":false,"thumbnail":false,"medium":false,"medium_large":false,"large":false,"1536x1536":false,"2048x2048":false,"big-size":false},"uagb_author_info":{"display_name":"Imagen Consulting","author_link":"https:\/\/www.prorealestate.es\/fr\/author\/pr0r34ladm1c\/"},"uagb_comment_info":0,"uagb_excerpt":null,"_links":{"self":[{"href":"https:\/\/www.prorealestate.es\/fr\/wp-json\/wp\/v2\/pages\/1189","targetHints":{"allow":["GET"]}}],"collection":[{"href":"https:\/\/www.prorealestate.es\/fr\/wp-json\/wp\/v2\/pages"}],"about":[{"href":"https:\/\/www.prorealestate.es\/fr\/wp-json\/wp\/v2\/types\/page"}],"author":[{"embeddable":true,"href":"https:\/\/www.prorealestate.es\/fr\/wp-json\/wp\/v2\/users\/3"}],"replies":[{"embeddable":true,"href":"https:\/\/www.prorealestate.es\/fr\/wp-json\/wp\/v2\/comments?post=1189"}],"version-history":[{"count":4,"href":"https:\/\/www.prorealestate.es\/fr\/wp-json\/wp\/v2\/pages\/1189\/revisions"}],"predecessor-version":[{"id":1266,"href":"https:\/\/www.prorealestate.es\/fr\/wp-json\/wp\/v2\/pages\/1189\/revisions\/1266"}],"up":[{"embeddable":true,"href":"https:\/\/www.prorealestate.es\/fr\/wp-json\/wp\/v2\/pages\/1199"}],"wp:attachment":[{"href":"https:\/\/www.prorealestate.es\/fr\/wp-json\/wp\/v2\/media?parent=1189"}],"curies":[{"name":"wp","href":"https:\/\/api.w.org\/{rel}","templated":true}]}}