{"id":1188,"date":"2022-06-23T12:21:17","date_gmt":"2022-06-23T10:21:17","guid":{"rendered":"https:\/\/www.prorealestate.es\/meet-the-company\/"},"modified":"2024-10-18T11:57:03","modified_gmt":"2024-10-18T09:57:03","slug":"decouvrez-lentreprise","status":"publish","type":"page","link":"https:\/\/www.prorealestate.es\/fr\/a-propos-de-pro-real-estate\/decouvrez-lentreprise\/","title":{"rendered":"D\u00e9couvrez l&rsquo;entreprise"},"content":{"rendered":"\n<section class=\"wp-block-uagb-section uagb-section__wrap uagb-section__background-gradient uagb-block-33a0c9a2\"><div class=\"uagb-section__overlay\"><\/div><div class=\"uagb-section__inner-wrap\">\n<section class=\"wp-block-uagb-columns uagb-columns__wrap uagb-columns__background-none uagb-columns__stack-mobile uagb-columns__valign- uagb-columns__gap-0 align uagb-block-ca51f445 uagb-columns__columns-2 uagb-columns__max_width-theme\"><div class=\"uagb-columns__overlay\"><\/div><div class=\"uagb-columns__inner-wrap uagb-columns__columns-2\">\n<div class=\"wp-block-uagb-column uagb-column__wrap uagb-column__background-undefined uagb-block-a59ae294\"><div class=\"uagb-column__overlay\"><\/div>\n<div style=\"height:48px\" aria-hidden=\"true\" class=\"wp-block-spacer\"><\/div>\n\n\n\n<h1 class=\"wp-block-heading\"><br>Seulement les meilleures propri\u00e9t\u00e9s de Marbella<\/h1>\n\n\n\n<div style=\"height:20px\" aria-hidden=\"true\" class=\"wp-block-spacer uag-hide-mob uag-hide-mob\"><\/div>\n\n\n\n<h2 class=\"wp-block-heading\" style=\"line-height:1.7\"><br>Toujours sous la supervision d&rsquo;experts<\/h2>\n\n\n\n<div style=\"height:48px\" aria-hidden=\"true\" class=\"wp-block-spacer\"><\/div>\n<\/div>\n\n\n\n<div class=\"wp-block-uagb-column uagb-column__wrap uagb-column__background-undefined uagb-block-0e39a849\"><div class=\"uagb-column__overlay\"><\/div>\n<div style=\"height:48px\" aria-hidden=\"true\" class=\"wp-block-spacer uag-hide-mob uag-hide-mob\"><\/div>\n\n\n\n<p><strong>PRO Real Estate<\/strong> est active dans le secteur immobilier de <strong>Marbella<\/strong> depuis plus de 35 ans. Fond\u00e9e par Francis Toebak en 1985, l&rsquo;entreprise s&rsquo;est rapidement d\u00e9velopp\u00e9e et a d\u00e9m\u00e9nag\u00e9 quelques ann\u00e9es plus tard dans ses bureaux actuels \u00e0 Guadalmina, o\u00f9 Eduardo a rejoint comme partenaire.<\/p>\n\n\n\n<p>Les deux directeurs ont guid\u00e9 l&rsquo;entreprise \u00e0 travers les p\u00e9riodes de boom et de r\u00e9cession \u00e9conomique, choisissant d\u00e9lib\u00e9r\u00e9ment de ne pas cro\u00eetre trop rapidement et de se concentrer sur une <strong>approche personnalis\u00e9e pour chaque client<\/strong> plut\u00f4t que de les traiter en masse.<\/p>\n\n\n\n<p>\u00ab Il y a peu d&rsquo;agences immobili\u00e8res sur la Costa del Sol qui sont dans le m\u00e9tier depuis plus de 30 ans comme nous, survivant \u00e0 des p\u00e9riodes difficiles et restant fid\u00e8les \u00e0 notre philosophie originale d&rsquo;offrir un service personnel, de qualit\u00e9, bas\u00e9 sur l&rsquo;exp\u00e9rience technique et une connaissance approfondie du march\u00e9 \u00bb, dit Eduardo.<\/p>\n\n\n\n<p>\u00ab Une des raisons pour lesquelles nous avons tant grandi est que de nombreux clients, qu&rsquo;ils soient investisseurs ou acheteurs, nous recommandent \u00e0 leurs amis et partenaires pour notre service et le fait que nous, les propri\u00e9taires, interagissons directement avec eux et ne d\u00e9l\u00e9gons pas cette t\u00e2che \u00e0 des \u00e9quipes de vente moins exp\u00e9riment\u00e9es. \u00bb<\/p>\n\n\n\n<p>Chez <strong>PRO Real Estate<\/strong>, vous ne trouverez pas l&rsquo;ambiance trompeuse typique d&rsquo;une entreprise de ventes, mais des professionnels authentiques qui connaissent ce qu&rsquo;ils vendent gr\u00e2ce \u00e0 leurs nombreuses ann\u00e9es d&rsquo;exp\u00e9rience. Venez dans notre bureau \u00e0 <strong>Guadalmina<\/strong> et constatez la diff\u00e9rence par vous-m\u00eame.<\/p>\n<\/div>\n<\/div><\/section>\n<\/div><\/section>\n\n\n<p><iframe src=\"https:\/\/www.google.com\/maps\/embed?pb=!1m14!1m8!1m3!1d12833.271645968925!2d-5.0035605!3d36.4740369!3m2!1i1024!2i768!4f13.1!3m3!1m2!1s0xd732a45c3d4cdb3%3A0x344ca4ac3373143f!2sPRO%20Real%20Estate%20Guadalmina!5e0!3m2!1ses!2ses!4v1701335371753!5m2!1ses!2ses\" width=\"100%\" height=\"450\" style=\"border:0;\" allowfullscreen=\"\" loading=\"lazy\" referrerpolicy=\"no-referrer-when-downgrade\"><\/iframe><\/p>\n\n\n\n<section class=\"wp-block-uagb-section uagb-section__wrap uagb-section__background-undefined uagb-block-c43ac68b\"><div class=\"uagb-section__overlay\"><\/div><div class=\"uagb-section__inner-wrap\">\n<section class=\"wp-block-uagb-columns uagb-columns__wrap uagb-columns__background-none uagb-columns__stack-mobile uagb-columns__valign-center uagb-columns__gap-0 align uagb-block-de399296 uagb-columns__columns-2 uagb-columns__max_width-theme\"><div class=\"uagb-columns__overlay\"><\/div><div class=\"uagb-columns__inner-wrap uagb-columns__columns-2\">\n<div class=\"wp-block-uagb-column uagb-column__wrap uagb-column__background-undefined uagb-block-40c579c7\"><div class=\"uagb-column__overlay\"><\/div>\n<section class=\"wp-block-uagb-section uagb-section__wrap uagb-section__background-undefined uagb-block-311bd4ff\"><div class=\"uagb-section__overlay\"><\/div><div class=\"uagb-section__inner-wrap\">\n<figure class=\"wp-block-image size-full\"><img loading=\"lazy\" decoding=\"async\" width=\"633\" height=\"543\" src=\"https:\/\/www.prorealestate.es\/wp-content\/uploads\/2022\/08\/pro-real-estate-building-new.png\" alt=\"\" class=\"wp-image-433\"\/><\/figure>\n<\/div><\/section>\n<\/div>\n\n\n\n<div class=\"wp-block-uagb-column uagb-column__wrap uagb-column__background-undefined uagb-block-c0235ef6\"><div class=\"uagb-column__overlay\"><\/div>\n<p><strong>PRO Real Estate<\/strong><br>Centro Comercial Guadalmina III, Local 6<br>29670 San Pedro Alc\u00e1ntara &#8211; Marbella<\/p>\n\n\n\n<a class=\"btn btn-listing\" href=\"https:\/\/goo.gl\/maps\/DiyEMx2T5EUrFbtt5\" target=\"_blank\" rel=\"noopener\">Comment arriver<\/a>\n\n\n\n<div style=\"height:40px\" aria-hidden=\"true\" class=\"wp-block-spacer\"><\/div>\n\n\n\n<p><strong>T\u00e9l\u00e9fone:<\/strong> <a href=\"tel:0034952884023\">+34 952 88 40 23<\/a><br><strong>Mobile:<\/strong> <a href=\"tel:0034655975586\">+34 655 975 586<\/a><\/p>\n<\/div>\n<\/div><\/section>\n<\/div><\/section>\n\n\n\n<section class=\"wp-block-uagb-section uagb-section__wrap uagb-section__background-image uagb-block-bb61e3fb\"><div class=\"uagb-section__overlay\"><\/div><div class=\"uagb-section__inner-wrap\">\n<hr class=\"wp-block-separator has-alpha-channel-opacity\"\/>\n\n\n\n<div style=\"height:20px\" aria-hidden=\"true\" class=\"wp-block-spacer\"><\/div>\n\n\n\n<h3 class=\"wp-block-heading\" style=\"font-size:32px\">Contactez-nous<\/h3>\n\n\n\n<div style=\"height:20px\" aria-hidden=\"true\" class=\"wp-block-spacer\"><\/div>\n\n\n\n<h2 class=\"wp-block-heading\" style=\"line-height:1.7\"><br>Si vous avez la moindre question, \u00e9crivez-nous sans engagement, notre \u00e9quipe vous r\u00e9pondra dans les plus brefs d\u00e9lais.<\/h2>\n\n\n\n<div style=\"height:48px\" aria-hidden=\"true\" class=\"wp-block-spacer\"><\/div>\n\n\n\n<div class=\"wp-block-contact-form-7-contact-form-selector\">\n<div class=\"wpcf7 no-js\" id=\"wpcf7-f1256-o1\" lang=\"fr-FR\" dir=\"ltr\" data-wpcf7-id=\"1256\">\n<div class=\"screen-reader-response\"><p role=\"status\" aria-live=\"polite\" aria-atomic=\"true\"><\/p> <ul><\/ul><\/div>\n<form action=\"\/fr\/wp-json\/wp\/v2\/pages\/1188#wpcf7-f1256-o1\" method=\"post\" class=\"wpcf7-form init wpcf7-acceptance-as-validation\" aria-label=\"Formulaire de contact\" novalidate=\"novalidate\" data-status=\"init\">\n<fieldset class=\"hidden-fields-container\"><input type=\"hidden\" name=\"_wpcf7\" value=\"1256\" \/><input type=\"hidden\" name=\"_wpcf7_version\" value=\"6.1.5\" \/><input type=\"hidden\" name=\"_wpcf7_locale\" value=\"fr_FR\" \/><input type=\"hidden\" name=\"_wpcf7_unit_tag\" value=\"wpcf7-f1256-o1\" \/><input type=\"hidden\" name=\"_wpcf7_container_post\" value=\"0\" \/><input type=\"hidden\" name=\"_wpcf7_posted_data_hash\" value=\"\" \/><input type=\"hidden\" name=\"_wpcf7_recaptcha_response\" value=\"\" \/>\n<\/fieldset>\n<div class=\"row\">\n\t<div class=\"col-md-6 pb-3\">\n\t\t<p><label><span class=\"wpcf7-form-control-wrap\" data-name=\"your-name\"><input size=\"40\" maxlength=\"400\" class=\"wpcf7-form-control wpcf7-text wpcf7-validates-as-required form-control\" aria-required=\"true\" aria-invalid=\"false\" placeholder=\"Nom complet *\" value=\"\" type=\"text\" name=\"your-name\" \/><\/span><\/label>\n\t\t<\/p>\n\t<\/div>\n\t<div class=\"col-md-12\">\n\t<\/div>\n\t<div class=\"col-md-3 pb-3\" class:form-control>\n\t\t<p><label><span class=\"wpcf7-form-control-wrap\" data-name=\"tel-380\"><input size=\"40\" maxlength=\"400\" class=\"wpcf7-form-control wpcf7-tel wpcf7-text wpcf7-validates-as-tel form-control\" aria-invalid=\"false\" placeholder=\"T\u00e9l\u00e9phone\" value=\"\" type=\"tel\" name=\"tel-380\" \/><\/span><\/label><span class=\"size-11 font-color-grey ms-3\">Veuillez ajouter l'indicatif du pays<\/span>\n\t\t<\/p>\n\t<\/div>\n\t<div class=\"col-md-3 pb-3\">\n\t\t<p><label><span class=\"wpcf7-form-control-wrap\" data-name=\"countrytext-287\"><input size=\"40\" class=\"wpcf7-form-control wpcf7-countrytext wpcf7-text wpcf7-validates-as-countrytext form-select\" aria-invalid=\"false\" value=\"\" type=\"text\" name=\"countrytext-287\" \/><\/span><\/label>\n\t\t<\/p>\n\t<\/div>\n\t<div class=\"col-md-6 pb-3\">\n\t\t<p><label><span class=\"wpcf7-form-control-wrap\" data-name=\"your-email\"><input size=\"40\" maxlength=\"400\" class=\"wpcf7-form-control wpcf7-email wpcf7-validates-as-required wpcf7-text wpcf7-validates-as-email form-control\" aria-required=\"true\" aria-invalid=\"false\" placeholder=\"Email *\" value=\"\" type=\"email\" name=\"your-email\" \/><\/span><\/label>\n\t\t<\/p>\n\t<\/div>\n\t<p>Que recherchez-vous ?\n\t<\/p>\n\t<div class=\"col-md-3 pb-3\">\n\t\t<p><label><span class=\"wpcf7-form-control-wrap\" data-name=\"your-property\"><input size=\"40\" maxlength=\"400\" class=\"wpcf7-form-control wpcf7-text form-control\" aria-invalid=\"false\" placeholder=\"Type de propri\u00e9t\u00e9\" value=\"\" type=\"text\" name=\"your-property\" \/><\/span><\/label>\n\t\t<\/p>\n\t<\/div>\n\t<div class=\"col-md-3 pb-3\">\n\t\t<p><label><span class=\"wpcf7-form-control-wrap\" data-name=\"your-budget\"><input size=\"40\" maxlength=\"400\" class=\"wpcf7-form-control wpcf7-text wpcf7-validates-as-required form-control\" aria-required=\"true\" aria-invalid=\"false\" placeholder=\"Budget (EUR) *\" value=\"\" type=\"text\" name=\"your-budget\" \/><\/span><\/label>\n\t\t<\/p>\n\t<\/div>\n\t<div class=\"col-md-3 pb-3\">\n\t\t<p><span class=\"wpcf7-form-control-wrap\" data-name=\"your-enquiry\"><span class=\"wpcf7-form-control wpcf7-checkbox wpcf7-exclusive-checkbox\"><span class=\"wpcf7-list-item first\"><span class=\"wpcf7-list-item-label\">Achat<\/span><input type=\"checkbox\" name=\"your-enquiry\" value=\"Achat\" checked=\"checked\" \/><\/span><span class=\"wpcf7-list-item\"><span class=\"wpcf7-list-item-label\">Vente<\/span><input type=\"checkbox\" name=\"your-enquiry\" value=\"Vente\" \/><\/span><span class=\"wpcf7-list-item last\"><span class=\"wpcf7-list-item-label\">Location<\/span><input type=\"checkbox\" name=\"your-enquiry\" value=\"Location\" \/><\/span><\/span><\/span>\n\t\t<\/p>\n\t<\/div>\n\t<div class=\"col-md-6 pb-3\">\n\t\t<p>O\u00f9 nous avez-vous trouv\u00e9s ?\n\t\t<\/p>\n\t\t<p><span class=\"wpcf7-form-control-wrap\" data-name=\"your-enquiry\"><span class=\"wpcf7-form-control wpcf7-checkbox\"><span class=\"wpcf7-list-item first\"><span class=\"wpcf7-list-item-label\">Google<\/span><input type=\"checkbox\" name=\"your-enquiry[]\" value=\"Google\" \/><\/span><span class=\"wpcf7-list-item\"><span class=\"wpcf7-list-item-label\">Instagram<\/span><input type=\"checkbox\" name=\"your-enquiry[]\" value=\"Instagram\" \/><\/span><span class=\"wpcf7-list-item\"><span class=\"wpcf7-list-item-label\">Facebook<\/span><input type=\"checkbox\" name=\"your-enquiry[]\" value=\"Facebook\" \/><\/span><span class=\"wpcf7-list-item\"><span class=\"wpcf7-list-item-label\">Linkedin<\/span><input type=\"checkbox\" name=\"your-enquiry[]\" value=\"Linkedin\" \/><\/span><span class=\"wpcf7-list-item last\"><span class=\"wpcf7-list-item-label\">Recommendation<\/span><input type=\"checkbox\" name=\"your-enquiry[]\" value=\"Recommendation\" \/><\/span><\/span><\/span>\n\t\t<\/p>\n\t<\/div>\n\t<div class=\"col-md-12 pb-3\">\n\t\t<p><label><span class=\"wpcf7-form-control-wrap\" data-name=\"your-message\"><textarea cols=\"40\" rows=\"10\" maxlength=\"2000\" class=\"wpcf7-form-control wpcf7-textarea form-control\" aria-invalid=\"false\" placeholder=\"Votre message\" name=\"your-message\"><\/textarea><\/span><\/label>\n\t\t<\/p>\n\t<\/div>\n\t<div class=\"col-md-6 pb-4\">\n\t\t<div class=\"mb-2\">\n\t\t\t<p><label><span class=\"wpcf7-form-control-wrap\" data-name=\"acceptance-947\"><span class=\"wpcf7-form-control wpcf7-acceptance\"><span class=\"wpcf7-list-item\"><input type=\"checkbox\" name=\"acceptance-947\" value=\"1\" aria-invalid=\"false\" \/><\/span><\/span><\/span> J'ai lu et j'accepte la <a href=\"\/fr\/privacy-policy\/\" target=\"_blank\"><strong>politique de confidentialit\u00e9<\/strong><\/a><\/label>\n\t\t\t<\/p>\n\t\t<\/div>\n\t\t<div class=\"mt-1\">\n\t\t\t<p><label class=\"d-flex\"><span class=\"wpcf7-form-control-wrap\" data-name=\"acceptance-948\"><span class=\"wpcf7-form-control wpcf7-acceptance optional\"><span class=\"wpcf7-list-item\"><input type=\"checkbox\" name=\"acceptance-948\" value=\"1\" aria-invalid=\"false\" \/><\/span><\/span><\/span> J'accepte de recevoir des informations commerciales de Pro Real Estate<\/label>\n\t\t\t<\/p>\n\t\t<\/div>\n\t<\/div>\n\t<div class=\"col-md-3 offset-md-3\">\n\t\t<p><input class=\"wpcf7-form-control wpcf7-submit has-spinner btn btn-primary\" type=\"submit\" value=\"Envoyer\" \/>\n\t\t<\/p>\n\t<\/div>\n<\/div><div class=\"wpcf7-response-output\" aria-hidden=\"true\"><\/div>\n<\/form>\n<\/div>\n<\/div>\n<\/div><\/section>\n","protected":false},"excerpt":{"rendered":"","protected":false},"author":3,"featured_media":0,"parent":1199,"menu_order":0,"comment_status":"closed","ping_status":"closed","template":"","meta":{"_uag_custom_page_level_css":"","_monsterinsights_skip_tracking":false,"_monsterinsights_sitenote_active":false,"_monsterinsights_sitenote_note":"","_monsterinsights_sitenote_category":0,"_uf_show_specific_survey":0,"_uf_disable_surveys":false,"footnotes":""},"class_list":["post-1188","page","type-page","status-publish","hentry"],"aioseo_notices":[],"uagb_featured_image_src":{"full":false,"thumbnail":false,"medium":false,"medium_large":false,"large":false,"1536x1536":false,"2048x2048":false,"big-size":false},"uagb_author_info":{"display_name":"Imagen Consulting","author_link":"https:\/\/www.prorealestate.es\/fr\/author\/pr0r34ladm1c\/"},"uagb_comment_info":0,"uagb_excerpt":null,"_links":{"self":[{"href":"https:\/\/www.prorealestate.es\/fr\/wp-json\/wp\/v2\/pages\/1188","targetHints":{"allow":["GET"]}}],"collection":[{"href":"https:\/\/www.prorealestate.es\/fr\/wp-json\/wp\/v2\/pages"}],"about":[{"href":"https:\/\/www.prorealestate.es\/fr\/wp-json\/wp\/v2\/types\/page"}],"author":[{"embeddable":true,"href":"https:\/\/www.prorealestate.es\/fr\/wp-json\/wp\/v2\/users\/3"}],"replies":[{"embeddable":true,"href":"https:\/\/www.prorealestate.es\/fr\/wp-json\/wp\/v2\/comments?post=1188"}],"version-history":[{"count":6,"href":"https:\/\/www.prorealestate.es\/fr\/wp-json\/wp\/v2\/pages\/1188\/revisions"}],"predecessor-version":[{"id":1259,"href":"https:\/\/www.prorealestate.es\/fr\/wp-json\/wp\/v2\/pages\/1188\/revisions\/1259"}],"up":[{"embeddable":true,"href":"https:\/\/www.prorealestate.es\/fr\/wp-json\/wp\/v2\/pages\/1199"}],"wp:attachment":[{"href":"https:\/\/www.prorealestate.es\/fr\/wp-json\/wp\/v2\/media?parent=1188"}],"curies":[{"name":"wp","href":"https:\/\/api.w.org\/{rel}","templated":true}]}}