{"id":1187,"date":"2022-06-23T12:21:40","date_gmt":"2022-06-23T10:21:40","guid":{"rendered":"https:\/\/www.prorealestate.es\/added-value\/"},"modified":"2024-10-18T12:09:06","modified_gmt":"2024-10-18T10:09:06","slug":"valeur-ajoutee","status":"publish","type":"page","link":"https:\/\/www.prorealestate.es\/fr\/a-propos-de-pro-real-estate\/valeur-ajoutee\/","title":{"rendered":"Valeur ajout\u00e9e"},"content":{"rendered":"\n<section class=\"wp-block-uagb-section uagb-section__wrap uagb-section__background-image uagb-block-80ae9be7\"><div class=\"uagb-section__overlay\"><\/div><div class=\"uagb-section__inner-wrap\">\n<section class=\"wp-block-uagb-columns uagb-columns__wrap uagb-columns__background-none uagb-columns__stack-mobile uagb-columns__valign- uagb-columns__gap-0 align uagb-block-d3f830f3 uagb-columns__columns-2 uagb-columns__max_width-theme\"><div class=\"uagb-columns__overlay\"><\/div><div class=\"uagb-columns__inner-wrap uagb-columns__columns-2\">\n<div class=\"wp-block-uagb-column uagb-column__wrap uagb-column__background-undefined uagb-block-041460c6\"><div class=\"uagb-column__overlay\"><\/div>\n<div style=\"height:48px\" aria-hidden=\"true\" class=\"wp-block-spacer\"><\/div>\n\n\n\n<h1 class=\"wp-block-heading\">Valeur ajout\u00e9e<\/h1>\n\n\n\n<div style=\"height:20px\" aria-hidden=\"true\" class=\"wp-block-spacer uag-hide-mob uag-hide-mob\"><\/div>\n\n\n\n<h2 class=\"wp-block-heading\" style=\"line-height:1.7\">Un service personnalis\u00e9 bas\u00e9 sur le savoir-faire technique, pas dans un environnement de vente.<\/h2>\n\n\n\n<div style=\"height:48px\" aria-hidden=\"true\" class=\"wp-block-spacer\"><\/div>\n\n\n\n<section class=\"wp-block-uagb-section uagb-section__wrap uagb-section__background-undefined uagb-block-6f5409f2\"><div class=\"uagb-section__overlay\"><\/div><div class=\"uagb-section__inner-wrap\">\n<figure class=\"wp-block-image size-full\"><img loading=\"lazy\" decoding=\"async\" width=\"476\" height=\"507\" src=\"https:\/\/www.prorealestate.es\/wp-content\/uploads\/2022\/07\/added-value.png\" alt=\"Added value\" class=\"wp-image-314\" srcset=\"https:\/\/www.prorealestate.es\/wp-content\/uploads\/2022\/07\/added-value.png 476w, https:\/\/www.prorealestate.es\/wp-content\/uploads\/2022\/07\/added-value-282x300.png 282w\" sizes=\"auto, (max-width: 476px) 100vw, 476px\" \/><\/figure>\n<\/div><\/section>\n<\/div>\n\n\n\n<div class=\"wp-block-uagb-column uagb-column__wrap uagb-column__background-undefined uagb-block-be1d5ca0\"><div class=\"uagb-column__overlay\"><\/div>\n<div style=\"height:48px\" aria-hidden=\"true\" class=\"wp-block-spacer uag-hide-mob uag-hide-mob\"><\/div>\n\n\n\n<p>L&rsquo;aspect principal qui distingue<strong> Pro Real Estate<\/strong> de nombreuses autres agences immobili\u00e8res de la c\u00f4te est notre mani\u00e8re de travailler. Chez <strong>Pro<\/strong>, nous offrons un service personnalis\u00e9 bas\u00e9 sur des connaissances techniques et non dans un environnement de vente.<\/p>\n\n\n\n<p>Notre compr\u00e9hension du march\u00e9 immobilier de <strong>Marbella<\/strong>, de ses propri\u00e9t\u00e9s, zones et prix est sans \u00e9gal, ce qui nous permet non seulement de proposer la meilleure s\u00e9lection de propri\u00e9t\u00e9s, mais aussi un service d&rsquo;\u00e9valuations rigoureuses ainsi que des informations et conseils totalement fiables.<\/p>\n\n\n\n<h4 class=\"wp-block-heading\"><strong>Un service immobilier complet<\/strong><\/h4>\n\n\n\n<p>Nos services sont sollicit\u00e9s par des investisseurs priv\u00e9s et institutionnels de premier ordre qui font confiance \u00e0 notre savoir-faire professionnel et \u00e0 notre discr\u00e9tion. Quant aux acheteurs, nous nous concentrons \u00e9galement sur l&rsquo;offre d&rsquo;un service personnalis\u00e9 de qualit\u00e9 et ne les s\u00e9duisons pas avec du personnel de vente inexp\u00e9riment\u00e9, car nous nous engageons \u00e0 trouver la propri\u00e9t\u00e9 id\u00e9ale au meilleur prix.<\/p>\n\n\n\n<p>Nous avons \u00e9volu\u00e9 avec le march\u00e9, passant des jours pr\u00e9c\u00e9dant l&rsquo;av\u00e8nement d&rsquo;Internet \u00e0 l&rsquo;environnement de marketing digital actuel. Mais surtout, nous offrons une vision personnelle et un niveau de produit et de connaissance du march\u00e9 tels que m\u00eame d&rsquo;autres agents viennent nous consulter pour des informations et les meilleures propri\u00e9t\u00e9s de <strong>Marbella <\/strong>que nous annon\u00e7ons.<\/p>\n\n\n\n<p>Nous avons gagn\u00e9 le droit d&rsquo;\u00eatre s\u00e9lectifs, c&rsquo;est pourquoi chez <strong>PRO Real Estate<\/strong>, nous proposons une s\u00e9lection de <strong>villas, appartements, penthouses <\/strong>et <strong>terrains<\/strong> de premi\u00e8re cat\u00e9gorie dans la r\u00e9gion de <strong>Marbella<\/strong>.<\/p>\n<\/div>\n<\/div><\/section>\n<\/div><\/section>\n\n\n\n<section class=\"wp-block-uagb-section uagb-section__wrap uagb-section__background-image uagb-block-bb61e3fb\"><div class=\"uagb-section__overlay\"><\/div><div class=\"uagb-section__inner-wrap\">\n<hr class=\"wp-block-separator has-alpha-channel-opacity\"\/>\n\n\n\n<div style=\"height:20px\" aria-hidden=\"true\" class=\"wp-block-spacer\"><\/div>\n\n\n\n<h3 class=\"wp-block-heading\" style=\"font-size:32px\">Contactez-nous<\/h3>\n\n\n\n<div style=\"height:20px\" aria-hidden=\"true\" class=\"wp-block-spacer\"><\/div>\n\n\n\n<h2 class=\"wp-block-heading\" style=\"line-height:1.7\"><br>Si vous avez la moindre question, \u00e9crivez-nous sans engagement, <br>notre \u00e9quipe vous r\u00e9pondra dans les plus brefs d\u00e9lais.<\/h2>\n\n\n\n<div style=\"height:48px\" aria-hidden=\"true\" class=\"wp-block-spacer\"><\/div>\n\n\n\n<div class=\"wp-block-contact-form-7-contact-form-selector\">\n<div class=\"wpcf7 no-js\" id=\"wpcf7-f1256-o1\" lang=\"fr-FR\" dir=\"ltr\" data-wpcf7-id=\"1256\">\n<div class=\"screen-reader-response\"><p role=\"status\" aria-live=\"polite\" aria-atomic=\"true\"><\/p> <ul><\/ul><\/div>\n<form action=\"\/fr\/wp-json\/wp\/v2\/pages\/1187#wpcf7-f1256-o1\" method=\"post\" class=\"wpcf7-form init wpcf7-acceptance-as-validation\" aria-label=\"Formulaire de contact\" novalidate=\"novalidate\" data-status=\"init\">\n<fieldset class=\"hidden-fields-container\"><input type=\"hidden\" name=\"_wpcf7\" value=\"1256\" \/><input type=\"hidden\" name=\"_wpcf7_version\" value=\"6.1.5\" \/><input type=\"hidden\" name=\"_wpcf7_locale\" value=\"fr_FR\" \/><input type=\"hidden\" name=\"_wpcf7_unit_tag\" value=\"wpcf7-f1256-o1\" \/><input type=\"hidden\" name=\"_wpcf7_container_post\" value=\"0\" \/><input type=\"hidden\" name=\"_wpcf7_posted_data_hash\" value=\"\" \/><input type=\"hidden\" name=\"_wpcf7_recaptcha_response\" value=\"\" \/>\n<\/fieldset>\n<div class=\"row\">\n\t<div class=\"col-md-6 pb-3\">\n\t\t<p><label><span class=\"wpcf7-form-control-wrap\" data-name=\"your-name\"><input size=\"40\" maxlength=\"400\" class=\"wpcf7-form-control wpcf7-text wpcf7-validates-as-required form-control\" aria-required=\"true\" aria-invalid=\"false\" placeholder=\"Nom complet *\" value=\"\" type=\"text\" name=\"your-name\" \/><\/span><\/label>\n\t\t<\/p>\n\t<\/div>\n\t<div class=\"col-md-12\">\n\t<\/div>\n\t<div class=\"col-md-3 pb-3\" class:form-control>\n\t\t<p><label><span class=\"wpcf7-form-control-wrap\" data-name=\"tel-380\"><input size=\"40\" maxlength=\"400\" class=\"wpcf7-form-control wpcf7-tel wpcf7-text wpcf7-validates-as-tel form-control\" aria-invalid=\"false\" placeholder=\"T\u00e9l\u00e9phone\" value=\"\" type=\"tel\" name=\"tel-380\" \/><\/span><\/label><span class=\"size-11 font-color-grey ms-3\">Veuillez ajouter l'indicatif du pays<\/span>\n\t\t<\/p>\n\t<\/div>\n\t<div class=\"col-md-3 pb-3\">\n\t\t<p><label><span class=\"wpcf7-form-control-wrap\" data-name=\"countrytext-287\"><input size=\"40\" class=\"wpcf7-form-control wpcf7-countrytext wpcf7-text wpcf7-validates-as-countrytext form-select\" aria-invalid=\"false\" value=\"\" type=\"text\" name=\"countrytext-287\" \/><\/span><\/label>\n\t\t<\/p>\n\t<\/div>\n\t<div class=\"col-md-6 pb-3\">\n\t\t<p><label><span class=\"wpcf7-form-control-wrap\" data-name=\"your-email\"><input size=\"40\" maxlength=\"400\" class=\"wpcf7-form-control wpcf7-email wpcf7-validates-as-required wpcf7-text wpcf7-validates-as-email form-control\" aria-required=\"true\" aria-invalid=\"false\" placeholder=\"Email *\" value=\"\" type=\"email\" name=\"your-email\" \/><\/span><\/label>\n\t\t<\/p>\n\t<\/div>\n\t<p>Que recherchez-vous ?\n\t<\/p>\n\t<div class=\"col-md-3 pb-3\">\n\t\t<p><label><span class=\"wpcf7-form-control-wrap\" data-name=\"your-property\"><input size=\"40\" maxlength=\"400\" class=\"wpcf7-form-control wpcf7-text form-control\" aria-invalid=\"false\" placeholder=\"Type de propri\u00e9t\u00e9\" value=\"\" type=\"text\" name=\"your-property\" \/><\/span><\/label>\n\t\t<\/p>\n\t<\/div>\n\t<div class=\"col-md-3 pb-3\">\n\t\t<p><label><span class=\"wpcf7-form-control-wrap\" data-name=\"your-budget\"><input size=\"40\" maxlength=\"400\" class=\"wpcf7-form-control wpcf7-text wpcf7-validates-as-required form-control\" aria-required=\"true\" aria-invalid=\"false\" placeholder=\"Budget (EUR) *\" value=\"\" type=\"text\" name=\"your-budget\" \/><\/span><\/label>\n\t\t<\/p>\n\t<\/div>\n\t<div class=\"col-md-3 pb-3\">\n\t\t<p><span class=\"wpcf7-form-control-wrap\" data-name=\"your-enquiry\"><span class=\"wpcf7-form-control wpcf7-checkbox wpcf7-exclusive-checkbox\"><span class=\"wpcf7-list-item first\"><span class=\"wpcf7-list-item-label\">Achat<\/span><input type=\"checkbox\" name=\"your-enquiry\" value=\"Achat\" checked=\"checked\" \/><\/span><span class=\"wpcf7-list-item\"><span class=\"wpcf7-list-item-label\">Vente<\/span><input type=\"checkbox\" name=\"your-enquiry\" value=\"Vente\" \/><\/span><span class=\"wpcf7-list-item last\"><span class=\"wpcf7-list-item-label\">Location<\/span><input type=\"checkbox\" name=\"your-enquiry\" value=\"Location\" \/><\/span><\/span><\/span>\n\t\t<\/p>\n\t<\/div>\n\t<div class=\"col-md-6 pb-3\">\n\t\t<p>O\u00f9 nous avez-vous trouv\u00e9s ?\n\t\t<\/p>\n\t\t<p><span class=\"wpcf7-form-control-wrap\" data-name=\"your-enquiry\"><span class=\"wpcf7-form-control wpcf7-checkbox\"><span class=\"wpcf7-list-item first\"><span class=\"wpcf7-list-item-label\">Google<\/span><input type=\"checkbox\" name=\"your-enquiry[]\" value=\"Google\" \/><\/span><span class=\"wpcf7-list-item\"><span class=\"wpcf7-list-item-label\">Instagram<\/span><input type=\"checkbox\" name=\"your-enquiry[]\" value=\"Instagram\" \/><\/span><span class=\"wpcf7-list-item\"><span class=\"wpcf7-list-item-label\">Facebook<\/span><input type=\"checkbox\" name=\"your-enquiry[]\" value=\"Facebook\" \/><\/span><span class=\"wpcf7-list-item\"><span class=\"wpcf7-list-item-label\">Linkedin<\/span><input type=\"checkbox\" name=\"your-enquiry[]\" value=\"Linkedin\" \/><\/span><span class=\"wpcf7-list-item last\"><span class=\"wpcf7-list-item-label\">Recommendation<\/span><input type=\"checkbox\" name=\"your-enquiry[]\" value=\"Recommendation\" \/><\/span><\/span><\/span>\n\t\t<\/p>\n\t<\/div>\n\t<div class=\"col-md-12 pb-3\">\n\t\t<p><label><span class=\"wpcf7-form-control-wrap\" data-name=\"your-message\"><textarea cols=\"40\" rows=\"10\" maxlength=\"2000\" class=\"wpcf7-form-control wpcf7-textarea form-control\" aria-invalid=\"false\" placeholder=\"Votre message\" name=\"your-message\"><\/textarea><\/span><\/label>\n\t\t<\/p>\n\t<\/div>\n\t<div class=\"col-md-6 pb-4\">\n\t\t<div class=\"mb-2\">\n\t\t\t<p><label><span class=\"wpcf7-form-control-wrap\" data-name=\"acceptance-947\"><span class=\"wpcf7-form-control wpcf7-acceptance\"><span class=\"wpcf7-list-item\"><input type=\"checkbox\" name=\"acceptance-947\" value=\"1\" aria-invalid=\"false\" \/><\/span><\/span><\/span> J'ai lu et j'accepte la <a href=\"\/fr\/privacy-policy\/\" target=\"_blank\"><strong>politique de confidentialit\u00e9<\/strong><\/a><\/label>\n\t\t\t<\/p>\n\t\t<\/div>\n\t\t<div class=\"mt-1\">\n\t\t\t<p><label class=\"d-flex\"><span class=\"wpcf7-form-control-wrap\" data-name=\"acceptance-948\"><span class=\"wpcf7-form-control wpcf7-acceptance optional\"><span class=\"wpcf7-list-item\"><input type=\"checkbox\" name=\"acceptance-948\" value=\"1\" aria-invalid=\"false\" \/><\/span><\/span><\/span> J'accepte de recevoir des informations commerciales de Pro Real Estate<\/label>\n\t\t\t<\/p>\n\t\t<\/div>\n\t<\/div>\n\t<div class=\"col-md-3 offset-md-3\">\n\t\t<p><input class=\"wpcf7-form-control wpcf7-submit has-spinner btn btn-primary\" type=\"submit\" value=\"Envoyer\" \/>\n\t\t<\/p>\n\t<\/div>\n<\/div><div class=\"wpcf7-response-output\" aria-hidden=\"true\"><\/div>\n<\/form>\n<\/div>\n<\/div>\n<\/div><\/section>\n","protected":false},"excerpt":{"rendered":"","protected":false},"author":3,"featured_media":0,"parent":1199,"menu_order":0,"comment_status":"closed","ping_status":"closed","template":"","meta":{"_uag_custom_page_level_css":"","_monsterinsights_skip_tracking":false,"_monsterinsights_sitenote_active":false,"_monsterinsights_sitenote_note":"","_monsterinsights_sitenote_category":0,"_uf_show_specific_survey":0,"_uf_disable_surveys":false,"footnotes":""},"class_list":["post-1187","page","type-page","status-publish","hentry"],"aioseo_notices":[],"uagb_featured_image_src":{"full":false,"thumbnail":false,"medium":false,"medium_large":false,"large":false,"1536x1536":false,"2048x2048":false,"big-size":false},"uagb_author_info":{"display_name":"Imagen Consulting","author_link":"https:\/\/www.prorealestate.es\/fr\/author\/pr0r34ladm1c\/"},"uagb_comment_info":0,"uagb_excerpt":null,"_links":{"self":[{"href":"https:\/\/www.prorealestate.es\/fr\/wp-json\/wp\/v2\/pages\/1187","targetHints":{"allow":["GET"]}}],"collection":[{"href":"https:\/\/www.prorealestate.es\/fr\/wp-json\/wp\/v2\/pages"}],"about":[{"href":"https:\/\/www.prorealestate.es\/fr\/wp-json\/wp\/v2\/types\/page"}],"author":[{"embeddable":true,"href":"https:\/\/www.prorealestate.es\/fr\/wp-json\/wp\/v2\/users\/3"}],"replies":[{"embeddable":true,"href":"https:\/\/www.prorealestate.es\/fr\/wp-json\/wp\/v2\/comments?post=1187"}],"version-history":[{"count":4,"href":"https:\/\/www.prorealestate.es\/fr\/wp-json\/wp\/v2\/pages\/1187\/revisions"}],"predecessor-version":[{"id":1271,"href":"https:\/\/www.prorealestate.es\/fr\/wp-json\/wp\/v2\/pages\/1187\/revisions\/1271"}],"up":[{"embeddable":true,"href":"https:\/\/www.prorealestate.es\/fr\/wp-json\/wp\/v2\/pages\/1199"}],"wp:attachment":[{"href":"https:\/\/www.prorealestate.es\/fr\/wp-json\/wp\/v2\/media?parent=1187"}],"curies":[{"name":"wp","href":"https:\/\/api.w.org\/{rel}","templated":true}]}}