{"id":767,"date":"2023-10-25T10:40:16","date_gmt":"2023-10-25T08:40:16","guid":{"rendered":"https:\/\/www.prorealestate.es\/?page_id=767"},"modified":"2023-10-25T14:03:29","modified_gmt":"2023-10-25T12:03:29","slug":"blog","status":"publish","type":"page","link":"https:\/\/www.prorealestate.es\/es\/blog\/","title":{"rendered":"Blog"},"content":{"rendered":"\n<section class=\"wp-block-uagb-section uagb-section__wrap uagb-section__background-none uagb-block-c7feb8b4\"><div class=\"uagb-section__overlay\"><\/div><div class=\"uagb-section__inner-wrap\">\n<div class=\"wp-block-columns alignwide are-vertically-aligned-center is-layout-flex wp-container-core-columns-is-layout-9d6595d7 wp-block-columns-is-layout-flex\">\n<div class=\"wp-block-column is-vertically-aligned-center is-layout-flow wp-block-column-is-layout-flow\" style=\"flex-basis:100%\"><ul class=\"wp-block-latest-posts__list is-grid columns-3 aligncenter wp-block-latest-posts\"><li><div class=\"wp-block-latest-posts__featured-image\"><a href=\"https:\/\/www.prorealestate.es\/es\/situacion-inmobiliaria-en-marbella-una-entrevista-con-eduardo-mas\/\" aria-label=\"Situaci\u00f3n inmobiliaria en Marbella: una entrevista con Eduardo M\u00e1s\"><img loading=\"lazy\" decoding=\"async\" width=\"600\" height=\"600\" src=\"https:\/\/www.prorealestate.es\/wp-content\/uploads\/2024\/06\/situacion-inmobiliaria-en-marbella-entrevista-con-eduardo-mas-pro-real-estate-600x600.webp\" class=\"attachment-thumbnail size-thumbnail wp-post-image\" alt=\"Situaci\u00f3n inmobiliaria en Marbella, presente y futuro\" style=\"max-width:300px;max-height:300px;\" \/><\/a><\/div><a class=\"wp-block-latest-posts__post-title\" href=\"https:\/\/www.prorealestate.es\/es\/situacion-inmobiliaria-en-marbella-una-entrevista-con-eduardo-mas\/\">Situaci\u00f3n inmobiliaria en Marbella: una entrevista con Eduardo M\u00e1s<\/a><div class=\"wp-block-latest-posts__post-excerpt\">A pesar de ser pr\u00f3spera, la situaci\u00f3n inmobiliaria en Marbella tambi\u00e9n est\u00e1 generando mucha incertidumbre. Muchas personas y actores del mercado se preguntan c\u00f3mo evolucionar\u00e1 la elevada inflaci\u00f3n de la vivienda en Marbella, o si&#8230;<\/div><\/li>\n<li><div class=\"wp-block-latest-posts__featured-image\"><a href=\"https:\/\/www.prorealestate.es\/es\/descubre-las-exclusivas-propiedades-de-pro-real-estate-en-el-paraiso\/\" aria-label=\"Descubre las Exclusivas Propiedades de Pro Real Estate en El Para\u00edso\"><img loading=\"lazy\" decoding=\"async\" width=\"600\" height=\"600\" src=\"https:\/\/www.prorealestate.es\/wp-content\/uploads\/2024\/05\/a2df8049-ac12-459b-8ee8-4b5ce7d5c9e2-600x600.jpeg\" class=\"attachment-thumbnail size-thumbnail wp-post-image\" alt=\"\" style=\"max-width:300px;max-height:300px;\" \/><\/a><\/div><a class=\"wp-block-latest-posts__post-title\" href=\"https:\/\/www.prorealestate.es\/es\/descubre-las-exclusivas-propiedades-de-pro-real-estate-en-el-paraiso\/\">Descubre las Exclusivas Propiedades de Pro Real Estate en El Para\u00edso<\/a><div class=\"wp-block-latest-posts__post-excerpt\">Una de las \u00e1reas m\u00e1s exclusivas de la Costa del Sol, El Para\u00edso, ofrece una mezcla especial de privacidad, lujo y f\u00e1cil acceso a comodidades y servicios de primera. En Pro Real Estate, estamos encantados&#8230;<\/div><\/li>\n<li><div class=\"wp-block-latest-posts__featured-image\"><a href=\"https:\/\/www.prorealestate.es\/es\/pro-real-estate-una-marbella-inmobiliaria-diferente\/\" aria-label=\"PRO Real Estate: una Marbella inmobiliaria diferente\"><img loading=\"lazy\" decoding=\"async\" width=\"600\" height=\"600\" src=\"https:\/\/www.prorealestate.es\/wp-content\/uploads\/2024\/04\/pro-real-estate-marbella-real-estate-600x600.png\" class=\"attachment-thumbnail size-thumbnail wp-post-image\" alt=\"marbella real estate\" style=\"max-width:300px;max-height:300px;\" \/><\/a><\/div><a class=\"wp-block-latest-posts__post-title\" href=\"https:\/\/www.prorealestate.es\/es\/pro-real-estate-una-marbella-inmobiliaria-diferente\/\">PRO Real Estate: una Marbella inmobiliaria diferente<\/a><div class=\"wp-block-latest-posts__post-excerpt\">Cuando hablamos de la Marbella inmobiliaria no hablamos de su versi\u00f3n m\u00e1s envidiable o televisiva. Hablamos de un mercado inmobiliario muy cambiante y ciertamente escaso para toda la demanda que yace sobre \u00e9l, con un&#8230;<\/div><\/li>\n<li><div class=\"wp-block-latest-posts__featured-image\"><a href=\"https:\/\/www.prorealestate.es\/es\/nueva-milla-de-oro-la-joya-inmobiliaria-de-estepona\/\" aria-label=\"Nueva Milla de Oro, la joya inmobiliaria de Estepona\"><img loading=\"lazy\" decoding=\"async\" width=\"600\" height=\"600\" src=\"https:\/\/www.prorealestate.es\/wp-content\/uploads\/2024\/03\/new-golden-mile-estepona-1-600x600.jpg\" class=\"attachment-thumbnail size-thumbnail wp-post-image\" alt=\"new golden mile estepona\" style=\"max-width:300px;max-height:300px;\" \/><\/a><\/div><a class=\"wp-block-latest-posts__post-title\" href=\"https:\/\/www.prorealestate.es\/es\/nueva-milla-de-oro-la-joya-inmobiliaria-de-estepona\/\">Nueva Milla de Oro, la joya inmobiliaria de Estepona<\/a><div class=\"wp-block-latest-posts__post-excerpt\">La presencia de una milla de oro en la Costa del Sol ya no es exclusiva de Marbella. Ni de las elegantes avenidas en Sotogrande flanqueadas por palmeras. La actual bonanza inmobiliaria de este famoso&#8230;<\/div><\/li>\n<li><div class=\"wp-block-latest-posts__featured-image\"><a href=\"https:\/\/www.prorealestate.es\/es\/propiedades-en-marbella-las-4-claves-del-exito-para-vender-o-alquilar\/\" aria-label=\"Propiedades en Marbella: las 4 claves del \u00e9xito para vender o alquilar\"><img loading=\"lazy\" decoding=\"async\" width=\"600\" height=\"600\" src=\"https:\/\/www.prorealestate.es\/wp-content\/uploads\/2024\/02\/Anadir-un-poco-de-texto-26-600x600.png\" class=\"attachment-thumbnail size-thumbnail wp-post-image\" alt=\"propiedades en Marbella\" style=\"max-width:300px;max-height:300px;\" \/><\/a><\/div><a class=\"wp-block-latest-posts__post-title\" href=\"https:\/\/www.prorealestate.es\/es\/propiedades-en-marbella-las-4-claves-del-exito-para-vender-o-alquilar\/\">Propiedades en Marbella: las 4 claves del \u00e9xito para vender o alquilar<\/a><div class=\"wp-block-latest-posts__post-excerpt\">Con 40 a\u00f1os de experiencia en propiedades en Marbella, Pro Real Estate dise\u00f1a estrategias integrales para destacar su propiedad en venta o alquiler. Alquilar pisos en Marbella o vender villas en Guadalmina no es tan&#8230;<\/div><\/li>\n<li><div class=\"wp-block-latest-posts__featured-image\"><a href=\"https:\/\/www.prorealestate.es\/es\/descubre-atalaya-en-estepona-belleza-mediterranea-y-vistas-impresionantes\/\" aria-label=\"Descubre Atalaya en Estepona: Belleza Mediterr\u00e1nea y Vistas Impresionantes\"><img loading=\"lazy\" decoding=\"async\" width=\"600\" height=\"600\" src=\"https:\/\/www.prorealestate.es\/wp-content\/uploads\/2024\/01\/Atalaya-Real-Estate-1-600x600.jpeg\" class=\"attachment-thumbnail size-thumbnail wp-post-image\" alt=\"Atalaya Real Estate\" style=\"max-width:300px;max-height:300px;\" \/><\/a><\/div><a class=\"wp-block-latest-posts__post-title\" href=\"https:\/\/www.prorealestate.es\/es\/descubre-atalaya-en-estepona-belleza-mediterranea-y-vistas-impresionantes\/\">Descubre Atalaya en Estepona: Belleza Mediterr\u00e1nea y Vistas Impresionantes<\/a><div class=\"wp-block-latest-posts__post-excerpt\">Atalaya, Estepona: Belleza Costera Inigualable y Excelente Vecindario Familiar Atalaya se encuentra en el extremo este de Estepona, dividido por la carretera principal que la separa en zona de costa y zona de monta\u00f1a. El&#8230;<\/div><\/li>\n<li><div class=\"wp-block-latest-posts__featured-image\"><a href=\"https:\/\/www.prorealestate.es\/es\/los-flamingos-al-descubierto-con-pro-real-estate\/\" aria-label=\"Los Flamingos al descubierto con Pro Real Estate\"><img loading=\"lazy\" decoding=\"async\" width=\"600\" height=\"600\" src=\"https:\/\/www.prorealestate.es\/wp-content\/uploads\/2023\/12\/los-flamingos-living-2023-600x600.webp\" class=\"attachment-thumbnail size-thumbnail wp-post-image\" alt=\"Los Flamingos area in Estepona\" style=\"max-width:300px;max-height:300px;\" \/><\/a><\/div><a class=\"wp-block-latest-posts__post-title\" href=\"https:\/\/www.prorealestate.es\/es\/los-flamingos-al-descubierto-con-pro-real-estate\/\">Los Flamingos al descubierto con Pro Real Estate<\/a><div class=\"wp-block-latest-posts__post-excerpt\">En medio de la riqueza de la Costa del Sol, se encuentra la encantadora zona de Los Flamingos. Una de las mejores zonas para comprar una propiedad en la Costa del Sol. M\u00e1s all\u00e1 de&#8230;<\/div><\/li>\n<li><div class=\"wp-block-latest-posts__featured-image\"><a href=\"https:\/\/www.prorealestate.es\/es\/descubra-el-exquisito-estilo-de-vida-de-guadalmina-donde-el-estilo-mediterraneo-se-encuentra-con-la-exclusividad\/\" aria-label=\"Descubra el exquisito estilo de vida de Guadalmina: Donde el estilo Mediterr\u00e1neo se encuentra con la exclusividad\"><img loading=\"lazy\" decoding=\"async\" width=\"600\" height=\"600\" src=\"https:\/\/www.prorealestate.es\/wp-content\/uploads\/2023\/11\/guadalmina-baja_-excelente-oportunidad-en-1a-linea-de-playa-en-una-de-las-mas-600x600.jpeg\" class=\"attachment-thumbnail size-thumbnail wp-post-image\" alt=\"gualdamina area\" style=\"max-width:300px;max-height:300px;\" \/><\/a><\/div><a class=\"wp-block-latest-posts__post-title\" href=\"https:\/\/www.prorealestate.es\/es\/descubra-el-exquisito-estilo-de-vida-de-guadalmina-donde-el-estilo-mediterraneo-se-encuentra-con-la-exclusividad\/\">Descubra el exquisito estilo de vida de Guadalmina: Donde el estilo Mediterr\u00e1neo se encuentra con la exclusividad<\/a><div class=\"wp-block-latest-posts__post-excerpt\">Anclado en el vibrante tramo de La Costa del Sol se encuentra la joya de Guadalmina. Un destino codiciado venerado por su encanto mediterr\u00e1neo y su estilo de vida sofisticado. Como agente inmobiliario experto en&#8230;<\/div><\/li>\n<li><div class=\"wp-block-latest-posts__featured-image\"><a href=\"https:\/\/www.prorealestate.es\/es\/las-mejores-areas-para-comprar-una-propiedad-en-la-costa-del-sol\/\" aria-label=\"Las mejores areas para comprar una propiedad en La Costa del Sol.\"><img loading=\"lazy\" decoding=\"async\" width=\"600\" height=\"600\" src=\"https:\/\/www.prorealestate.es\/wp-content\/uploads\/2023\/10\/Diseno-sin-titulo-59-600x600.png\" class=\"attachment-thumbnail size-thumbnail wp-post-image\" alt=\"Picture of La concha Mountain in Marbella from the sea, you can also see the harbour\" style=\"max-width:300px;max-height:300px;\" \/><\/a><\/div><a class=\"wp-block-latest-posts__post-title\" href=\"https:\/\/www.prorealestate.es\/es\/las-mejores-areas-para-comprar-una-propiedad-en-la-costa-del-sol\/\">Las mejores areas para comprar una propiedad en La Costa del Sol.<\/a><div class=\"wp-block-latest-posts__post-excerpt\">En este blog, Pro Real Estate en Guadalmina, agencia inmobiliaria l\u00edder de Marbella, hablar\u00e1 brevemente sobre algunas de las mejores \u00e1reas para comprar una propiedad en la Costa del Sol. Cuando se trata de encontrar&#8230;<\/div><\/li>\n<\/ul><\/div>\n<\/div>\n<\/div><\/section>\n","protected":false},"excerpt":{"rendered":"","protected":false},"author":2,"featured_media":0,"parent":0,"menu_order":0,"comment_status":"closed","ping_status":"closed","template":"","meta":{"_uag_custom_page_level_css":"","_monsterinsights_skip_tracking":false,"_monsterinsights_sitenote_active":false,"_monsterinsights_sitenote_note":"","_monsterinsights_sitenote_category":0,"_uf_show_specific_survey":0,"_uf_disable_surveys":false,"footnotes":""},"class_list":["post-767","page","type-page","status-publish","hentry"],"aioseo_notices":[],"uagb_featured_image_src":{"full":false,"thumbnail":false,"medium":false,"medium_large":false,"large":false,"1536x1536":false,"2048x2048":false,"big-size":false},"uagb_author_info":{"display_name":"Proguadalmina","author_link":"https:\/\/www.prorealestate.es\/es\/author\/proguadalmina\/"},"uagb_comment_info":0,"uagb_excerpt":null,"_links":{"self":[{"href":"https:\/\/www.prorealestate.es\/es\/wp-json\/wp\/v2\/pages\/767","targetHints":{"allow":["GET"]}}],"collection":[{"href":"https:\/\/www.prorealestate.es\/es\/wp-json\/wp\/v2\/pages"}],"about":[{"href":"https:\/\/www.prorealestate.es\/es\/wp-json\/wp\/v2\/types\/page"}],"author":[{"embeddable":true,"href":"https:\/\/www.prorealestate.es\/es\/wp-json\/wp\/v2\/users\/2"}],"replies":[{"embeddable":true,"href":"https:\/\/www.prorealestate.es\/es\/wp-json\/wp\/v2\/comments?post=767"}],"version-history":[{"count":2,"href":"https:\/\/www.prorealestate.es\/es\/wp-json\/wp\/v2\/pages\/767\/revisions"}],"predecessor-version":[{"id":802,"href":"https:\/\/www.prorealestate.es\/es\/wp-json\/wp\/v2\/pages\/767\/revisions\/802"}],"wp:attachment":[{"href":"https:\/\/www.prorealestate.es\/es\/wp-json\/wp\/v2\/media?parent=767"}],"curies":[{"name":"wp","href":"https:\/\/api.w.org\/{rel}","templated":true}]}}