{"id":504,"date":"2022-06-23T12:22:14","date_gmt":"2022-06-23T10:22:14","guid":{"rendered":"https:\/\/www.prorealestate.es\/sobre-pro-real-estate\/sales-process\/"},"modified":"2022-08-22T11:14:45","modified_gmt":"2022-08-22T09:14:45","slug":"proceso-de-venta","status":"publish","type":"page","link":"https:\/\/www.prorealestate.es\/es\/sobre-pro-real-estate\/proceso-de-venta\/","title":{"rendered":"Proceso de Venta"},"content":{"rendered":"\n<section class=\"wp-block-uagb-section uagb-section__wrap uagb-section__background-none uagb-block-77222d2a\"><div class=\"uagb-section__overlay\"><\/div><div class=\"uagb-section__inner-wrap\">\n<section class=\"wp-block-uagb-columns uagb-columns__wrap uagb-columns__background-none uagb-columns__stack-mobile uagb-columns__valign- uagb-columns__gap-0 align uagb-block-89e1f51a uagb-columns__columns-2 uagb-columns__max_width-theme\"><div class=\"uagb-columns__overlay\"><\/div><div class=\"uagb-columns__inner-wrap uagb-columns__columns-2\">\n<div class=\"wp-block-uagb-column uagb-column__wrap uagb-column__background-undefined uagb-block-66c58c38\"><div class=\"uagb-column__overlay\"><\/div>\n<div style=\"height:48px\" aria-hidden=\"true\" class=\"wp-block-spacer\"><\/div>\n\n\n\n<h1 class=\"wp-block-heading\">Proceso de venta<\/h1>\n\n\n\n<div style=\"height:20px\" aria-hidden=\"true\" class=\"wp-block-spacer uag-hide-mob\"><\/div>\n\n\n\n<h2 class=\"wp-block-heading\" style=\"line-height:1.7\"><strong>PRO Real Estate<\/strong>&nbsp;ofrece un servicio inmobiliario completo tanto para vendedores como para compradores.<\/h2>\n\n\n\n<div style=\"height:48px\" aria-hidden=\"true\" class=\"wp-block-spacer\"><\/div>\n<\/div>\n\n\n\n<div class=\"wp-block-uagb-column uagb-column__wrap uagb-column__background-undefined uagb-block-686e3779\"><div class=\"uagb-column__overlay\"><\/div>\n<div style=\"height:48px\" aria-hidden=\"true\" class=\"wp-block-spacer uag-hide-mob\"><\/div>\n\n\n\n<p>\u00c9ste comienza con una tasaci\u00f3n exacta y realista, as\u00ed como asesoramiento sobre cu\u00e1l es la mejor forma de presentar la propiedad y prepararla para el mercado.&nbsp; Ello puede incluir propuestas de dise\u00f1o o&nbsp; de reforma que aporten valor a\u00f1adido tanto al vendedor como al comprador, pero que se aplican igualmente a la totalidad del proceso de venta, proceso en el que asesoramos y acompa\u00f1amos al comprador desde los primeros pasos hasta que finaliza la transacci\u00f3n, brind\u00e1ndole incluso cualquier apoyo posterior que pueda necesitar.<\/p>\n<\/div>\n<\/div><\/section>\n<\/div><\/section>\n\n\n\n<section class=\"wp-block-uagb-section uagb-section__wrap uagb-section__background-gradient uagb-block-14f5783b\"><div class=\"uagb-section__overlay\"><\/div><div class=\"uagb-section__inner-wrap\">\n<section class=\"wp-block-uagb-columns uagb-columns__wrap uagb-columns__background-none uagb-columns__stack-mobile uagb-columns__valign- uagb-columns__gap-0 align uagb-block-e97ce69c uagb-columns__columns-2 uagb-columns__max_width-theme\"><div class=\"uagb-columns__overlay\"><\/div><div class=\"uagb-columns__inner-wrap uagb-columns__columns-2\">\n<div class=\"wp-block-uagb-column uagb-column__wrap uagb-column__background-undefined uagb-block-9b3d81ff\"><div class=\"uagb-column__overlay\"><\/div>\n<p>Contacte con<strong>&nbsp;PRO Real Estate<\/strong>&nbsp;para saber c\u00f3mo podemos ayudarle<\/p>\n\n\n\n<div style=\"height:50px\" aria-hidden=\"true\" class=\"wp-block-spacer\"><\/div>\n\n\n\n<h2 class=\"wp-block-heading\">Consulta inmobiliaria <br>personal<\/h2>\n\n\n\n<p>Conocemos las distintas propiedades, zonas y estilos de vida que cada una de ellas ofrece pero no conocemos sus preferencias, gustos y necesidades personales, por lo que nos tomamos el tiempo que sea necesario para sentarnos y escucharle con la debida atenci\u00f3n, sabiendo qu\u00e9 tenemos que preguntarle para podernos hacer una buena idea del tipo de vivienda y estilo de vida que est\u00e1 buscando.<\/p>\n<\/div>\n\n\n\n<div class=\"wp-block-uagb-column uagb-column__wrap uagb-column__background-undefined uagb-block-b85df549\"><div class=\"uagb-column__overlay\"><\/div>\n<figure class=\"wp-block-image size-large is-style-default\"><img loading=\"lazy\" decoding=\"async\" width=\"1024\" height=\"512\" src=\"https:\/\/www.prorealestate.es\/wp-content\/uploads\/2022\/07\/sales-proccess-1024x512.jpg\" alt=\"Sales proccess\" class=\"wp-image-277\" srcset=\"https:\/\/www.prorealestate.es\/wp-content\/uploads\/2022\/07\/sales-proccess-1024x512.jpg 1024w, https:\/\/www.prorealestate.es\/wp-content\/uploads\/2022\/07\/sales-proccess-300x150.jpg 300w, https:\/\/www.prorealestate.es\/wp-content\/uploads\/2022\/07\/sales-proccess-768x384.jpg 768w, https:\/\/www.prorealestate.es\/wp-content\/uploads\/2022\/07\/sales-proccess.jpg 1200w\" sizes=\"auto, (max-width: 1024px) 100vw, 1024px\" \/><\/figure>\n<\/div>\n<\/div><\/section>\n\n\n\n<section class=\"wp-block-uagb-columns uagb-columns__wrap uagb-columns__background-none uagb-columns__stack-mobile uagb-columns__valign- uagb-columns__gap-0 align uagb-block-606cf061 uagb-columns__columns-2 uagb-columns__max_width-theme\"><div class=\"uagb-columns__overlay\"><\/div><div class=\"uagb-columns__inner-wrap uagb-columns__columns-2\">\n<div class=\"wp-block-uagb-column uagb-column__wrap uagb-column__background-undefined uagb-block-032047af\"><div class=\"uagb-column__overlay\"><\/div>\n<div style=\"height:80px\" aria-hidden=\"true\" class=\"wp-block-spacer\"><\/div>\n\n\n\n<h2 class=\"wp-block-heading\">Servicios profesionales <br>para inversores<\/h2>\n\n\n\n<p>Nuestros servicios son solicitados por inversores de peque\u00f1a y gran envergadura que buscan terrenos para urbanizar, as\u00ed como oportunidades en propiedades residenciales y locales comerciales ya existentes.&nbsp; En todos los casos en los que supervisamos obras, solicitamos y obtenemos las correspondientes licencias y trabajamos con peritos, arquitectos, constructores, ingenieros, y dise\u00f1adores&nbsp; paisajistas para superar las expectativas.<\/p>\n<\/div>\n\n\n\n<div class=\"wp-block-uagb-column uagb-column__wrap uagb-column__background-undefined uagb-block-d387d1b2\"><div class=\"uagb-column__overlay\"><\/div>\n<div style=\"height:80px\" aria-hidden=\"true\" class=\"wp-block-spacer\"><\/div>\n\n\n\n<h2 class=\"wp-block-heading\">Consulta legal <br>y fiscal<\/h2>\n\n\n\n<p>Le proceso de compra de propiedades en Espa\u00f1a es bastante directo y transparente, si bien a los compradores que no est\u00e1n familiarizados con el mismo&nbsp; les facilitamos una gu\u00eda de compra y un listado de despachos de abogados, contables y expertos fiscales que recomendamos basando dicha selecci\u00f3n en muchos a\u00f1os de estrecha colaboraci\u00f3n profesional con todos ellos. Le ayudar\u00e1n a decidir cu\u00e1les son las mejores opciones que tiene.<\/p>\n<\/div>\n<\/div><\/section>\n\n\n\n<section class=\"wp-block-uagb-columns uagb-columns__wrap uagb-columns__background-none uagb-columns__stack-mobile uagb-columns__valign- uagb-columns__gap-0 align uagb-block-dbfcfa65 uagb-columns__columns-2 uagb-columns__max_width-theme\"><div class=\"uagb-columns__overlay\"><\/div><div class=\"uagb-columns__inner-wrap uagb-columns__columns-2\">\n<div class=\"wp-block-uagb-column uagb-column__wrap uagb-column__background-undefined uagb-block-c7f05e54\"><div class=\"uagb-column__overlay\"><\/div>\n<div style=\"height:80px\" aria-hidden=\"true\" class=\"wp-block-spacer\"><\/div>\n\n\n\n<h2 class=\"wp-block-heading\">Gesti\u00f3n<br>inmobiliaria<\/h2>\n\n\n\n<p>Muchas personas que han comprado a trav\u00e9s de nosotros han seguido con nosotros y han hecho uso de nuestros servicios de gesti\u00f3n de propiedades, los cuales incluyen mantenimiento diario de la vivienda y servicios p\u00fablicos, asegurar que su casa est\u00e9 en perfectas condiciones o gestionar el alquiler de su propiedad para rentabilizar al m\u00e1ximo su inversi\u00f3n, ya se trate de alquileres de larga temporada o vacacionales.<\/p>\n<\/div>\n\n\n\n<div class=\"wp-block-uagb-column uagb-column__wrap uagb-column__background-undefined uagb-block-f2537a1c\"><div class=\"uagb-column__overlay\"><\/div>\n<div style=\"height:80px\" aria-hidden=\"true\" class=\"wp-block-spacer\"><\/div>\n\n\n\n<h2 class=\"wp-block-heading\">Servicios de construcci\u00f3n y reforma<\/h2>\n\n\n\n<p><strong>PRO Real Estate<\/strong>&nbsp;cuenta con una valiosa lista de contactos profesionales que ha confeccionado con los a\u00f1os, lo cual significa que podemos ayudarle si quiere renovar, ajardinar o reformar su vivienda o cumplir de alguna forma sus deseos. As\u00ed mismo,&nbsp; buscamos parcelas para propietarios particulares y construimos viviendas seg\u00fan sus requisitos, presupuesto y plazos.<\/p>\n<\/div>\n<\/div><\/section>\n<\/div><\/section>\n\n\n\n<section class=\"wp-block-uagb-section uagb-section__wrap uagb-section__background-image uagb-block-0c3f6e1a\"><div class=\"uagb-section__overlay\"><\/div><div class=\"uagb-section__inner-wrap\">\n<hr class=\"wp-block-separator has-alpha-channel-opacity\"\/>\n\n\n\n<div style=\"height:20px\" aria-hidden=\"true\" class=\"wp-block-spacer\"><\/div>\n\n\n\n<h3 class=\"wp-block-heading\" style=\"font-size:32px\">Cont\u00e1ctenos<\/h3>\n\n\n\n<div style=\"height:20px\" aria-hidden=\"true\" class=\"wp-block-spacer\"><\/div>\n\n\n\n<h2 class=\"wp-block-heading\" style=\"line-height:1.7\">Si tiene culquier duda escr\u00edbanos sin compromiso,<br>nuestro equipo le atender\u00e1 lo antes posible.<\/h2>\n\n\n\n<div style=\"height:48px\" aria-hidden=\"true\" class=\"wp-block-spacer\"><\/div>\n\n\n\n<div class=\"wp-block-contact-form-7-contact-form-selector\">\n<div class=\"wpcf7 no-js\" id=\"wpcf7-f596-o1\" lang=\"es-ES\" dir=\"ltr\" data-wpcf7-id=\"596\">\n<div class=\"screen-reader-response\"><p role=\"status\" aria-live=\"polite\" aria-atomic=\"true\"><\/p> <ul><\/ul><\/div>\n<form action=\"\/es\/wp-json\/wp\/v2\/pages\/504#wpcf7-f596-o1\" method=\"post\" class=\"wpcf7-form init wpcf7-acceptance-as-validation\" aria-label=\"Formulario de contacto\" novalidate=\"novalidate\" data-status=\"init\">\n<fieldset class=\"hidden-fields-container\"><input type=\"hidden\" name=\"_wpcf7\" value=\"596\" \/><input type=\"hidden\" name=\"_wpcf7_version\" value=\"6.1.5\" \/><input type=\"hidden\" name=\"_wpcf7_locale\" value=\"es_ES\" \/><input type=\"hidden\" name=\"_wpcf7_unit_tag\" value=\"wpcf7-f596-o1\" \/><input type=\"hidden\" name=\"_wpcf7_container_post\" value=\"0\" \/><input type=\"hidden\" name=\"_wpcf7_posted_data_hash\" value=\"\" \/><input type=\"hidden\" name=\"_wpcf7_recaptcha_response\" value=\"\" \/>\n<\/fieldset>\n<div class=\"row\">\n\t<div class=\"col-md-6 pb-3\">\n\t\t<p><label><span class=\"wpcf7-form-control-wrap\" data-name=\"your-name\"><input size=\"40\" maxlength=\"400\" class=\"wpcf7-form-control wpcf7-text wpcf7-validates-as-required form-control\" aria-required=\"true\" aria-invalid=\"false\" placeholder=\"Nombre completo *\" value=\"\" type=\"text\" name=\"your-name\" \/><\/span><\/label>\n\t\t<\/p>\n\t<\/div>\n\t<div class=\"col-md-12\">\n\t<\/div>\n\t<div class=\"col-md-3 pb-3\" class:form-control>\n\t\t<p><label><span class=\"wpcf7-form-control-wrap\" data-name=\"tel-380\"><input size=\"40\" maxlength=\"400\" class=\"wpcf7-form-control wpcf7-tel wpcf7-text wpcf7-validates-as-tel form-control\" aria-invalid=\"false\" placeholder=\"Tel\u00e9fono\" value=\"\" type=\"tel\" name=\"tel-380\" \/><\/span><\/label><span class=\"size-11 font-color-grey ms-3\">Por favor a\u00f1ada el prefijo del pa\u00eds.<\/span>\n\t\t<\/p>\n\t<\/div>\n\t<div class=\"col-md-3 pb-3\">\n\t\t<p><label><span class=\"wpcf7-form-control-wrap\" data-name=\"countrytext-287\"><input size=\"40\" class=\"wpcf7-form-control wpcf7-countrytext wpcf7-text wpcf7-validates-as-countrytext form-select\" aria-invalid=\"false\" value=\"\" type=\"text\" name=\"countrytext-287\" \/><\/span><\/label>\n\t\t<\/p>\n\t<\/div>\n\t<div class=\"col-md-6 pb-3\">\n\t\t<p><label><span class=\"wpcf7-form-control-wrap\" data-name=\"your-email\"><input size=\"40\" maxlength=\"400\" class=\"wpcf7-form-control wpcf7-email wpcf7-validates-as-required wpcf7-text wpcf7-validates-as-email form-control\" aria-required=\"true\" aria-invalid=\"false\" placeholder=\"Email *\" value=\"\" type=\"email\" name=\"your-email\" \/><\/span><\/label>\n\t\t<\/p>\n\t<\/div>\n\t<p>\u00bfQu\u00e9 est\u00e1 buscando?\n\t<\/p>\n\t<div class=\"col-md-3 pb-3\">\n\t\t<p><label><span class=\"wpcf7-form-control-wrap\" data-name=\"your-property\"><input size=\"40\" maxlength=\"400\" class=\"wpcf7-form-control wpcf7-text form-control\" aria-invalid=\"false\" placeholder=\"Tipo de propiedad\" value=\"\" type=\"text\" name=\"your-property\" \/><\/span><\/label>\n\t\t<\/p>\n\t<\/div>\n\t<div class=\"col-md-3 pb-3\">\n\t\t<p><label><span class=\"wpcf7-form-control-wrap\" data-name=\"your-budget\"><input size=\"40\" maxlength=\"400\" class=\"wpcf7-form-control wpcf7-text wpcf7-validates-as-required form-control\" aria-required=\"true\" aria-invalid=\"false\" placeholder=\"Presupuesto (EUR) *\" value=\"\" type=\"text\" name=\"your-budget\" \/><\/span><\/label>\n\t\t<\/p>\n\t<\/div>\n\t<div class=\"col-md-3 pb-3\">\n\t\t<p><span class=\"wpcf7-form-control-wrap\" data-name=\"your-enquiry\"><span class=\"wpcf7-form-control wpcf7-checkbox wpcf7-exclusive-checkbox\"><span class=\"wpcf7-list-item first\"><span class=\"wpcf7-list-item-label\">Compra<\/span><input type=\"checkbox\" name=\"your-enquiry\" value=\"Compra\" checked=\"checked\" \/><\/span><span class=\"wpcf7-list-item\"><span class=\"wpcf7-list-item-label\">Venta<\/span><input type=\"checkbox\" name=\"your-enquiry\" value=\"Venta\" \/><\/span><span class=\"wpcf7-list-item last\"><span class=\"wpcf7-list-item-label\">Alquiler<\/span><input type=\"checkbox\" name=\"your-enquiry\" value=\"Alquiler\" \/><\/span><\/span><\/span>\n\t\t<\/p>\n\t<\/div>\n\t<div class=\"col-md-6 pb-3\">\n\t\t<p>\u00bfD\u00f3nde nos has encontrado?\n\t\t<\/p>\n\t\t<p><span class=\"wpcf7-form-control-wrap\" data-name=\"your-enquiry\"><span class=\"wpcf7-form-control wpcf7-checkbox\"><span class=\"wpcf7-list-item first\"><span class=\"wpcf7-list-item-label\">Google<\/span><input type=\"checkbox\" name=\"your-enquiry[]\" value=\"Google\" \/><\/span><span class=\"wpcf7-list-item\"><span class=\"wpcf7-list-item-label\">Instagram<\/span><input type=\"checkbox\" name=\"your-enquiry[]\" value=\"Instagram\" \/><\/span><span class=\"wpcf7-list-item\"><span class=\"wpcf7-list-item-label\">Facebook<\/span><input type=\"checkbox\" name=\"your-enquiry[]\" value=\"Facebook\" \/><\/span><span class=\"wpcf7-list-item\"><span class=\"wpcf7-list-item-label\">Linkedin<\/span><input type=\"checkbox\" name=\"your-enquiry[]\" value=\"Linkedin\" \/><\/span><span class=\"wpcf7-list-item last\"><span class=\"wpcf7-list-item-label\">Recomendaci\u00f3n<\/span><input type=\"checkbox\" name=\"your-enquiry[]\" value=\"Recomendaci\u00f3n\" \/><\/span><\/span><\/span>\n\t\t<\/p>\n\t<\/div>\n\t<div class=\"col-md-12 pb-3\">\n\t\t<p><label><span class=\"wpcf7-form-control-wrap\" data-name=\"your-message\"><textarea cols=\"40\" rows=\"10\" maxlength=\"2000\" class=\"wpcf7-form-control wpcf7-textarea form-control\" aria-invalid=\"false\" placeholder=\"Su mensaje\" name=\"your-message\"><\/textarea><\/span><\/label>\n\t\t<\/p>\n\t<\/div>\n\t<div class=\"col-md-6 pb-4\">\n\t\t<div class=\"mb-2\">\n\t\t\t<p><label><span class=\"wpcf7-form-control-wrap\" data-name=\"acceptance-947\"><span class=\"wpcf7-form-control wpcf7-acceptance\"><span class=\"wpcf7-list-item\"><input type=\"checkbox\" name=\"acceptance-947\" value=\"1\" aria-invalid=\"false\" \/><\/span><\/span><\/span> He le\u00eddo y acepto la <a href=\"\/es\/politica-privacidad\/\" target=\"_blank\"><strong>Politica de privacidad<\/strong><\/a><\/label>\n\t\t\t<\/p>\n\t\t<\/div>\n\t\t<div class=\"mt-1\">\n\t\t\t<p><label class=\"d-flex\"><span class=\"wpcf7-form-control-wrap\" data-name=\"acceptance-948\"><span class=\"wpcf7-form-control wpcf7-acceptance optional\"><span class=\"wpcf7-list-item\"><input type=\"checkbox\" name=\"acceptance-948\" value=\"1\" aria-invalid=\"false\" \/><\/span><\/span><\/span> Acepto recibir informaci\u00f3n comercial de Pro Real Estate<\/label>\n\t\t\t<\/p>\n\t\t<\/div>\n\t<\/div>\n\t<div class=\"col-md-3 offset-md-3\">\n\t\t<p><input class=\"wpcf7-form-control wpcf7-submit has-spinner btn btn-primary\" type=\"submit\" value=\"ENVIAR\" \/>\n\t\t<\/p>\n\t<\/div>\n<\/div><div class=\"wpcf7-response-output\" aria-hidden=\"true\"><\/div>\n<\/form>\n<\/div>\n<\/div>\n<\/div><\/section>\n","protected":false},"excerpt":{"rendered":"","protected":false},"author":3,"featured_media":0,"parent":488,"menu_order":0,"comment_status":"closed","ping_status":"closed","template":"","meta":{"_uag_custom_page_level_css":"","_monsterinsights_skip_tracking":false,"_monsterinsights_sitenote_active":false,"_monsterinsights_sitenote_note":"","_monsterinsights_sitenote_category":0,"_uf_show_specific_survey":0,"_uf_disable_surveys":false,"footnotes":""},"class_list":["post-504","page","type-page","status-publish","hentry"],"aioseo_notices":[],"uagb_featured_image_src":{"full":false,"thumbnail":false,"medium":false,"medium_large":false,"large":false,"1536x1536":false,"2048x2048":false,"big-size":false},"uagb_author_info":{"display_name":"Imagen Consulting","author_link":"https:\/\/www.prorealestate.es\/es\/author\/pr0r34ladm1c\/"},"uagb_comment_info":0,"uagb_excerpt":null,"_links":{"self":[{"href":"https:\/\/www.prorealestate.es\/es\/wp-json\/wp\/v2\/pages\/504","targetHints":{"allow":["GET"]}}],"collection":[{"href":"https:\/\/www.prorealestate.es\/es\/wp-json\/wp\/v2\/pages"}],"about":[{"href":"https:\/\/www.prorealestate.es\/es\/wp-json\/wp\/v2\/types\/page"}],"author":[{"embeddable":true,"href":"https:\/\/www.prorealestate.es\/es\/wp-json\/wp\/v2\/users\/3"}],"replies":[{"embeddable":true,"href":"https:\/\/www.prorealestate.es\/es\/wp-json\/wp\/v2\/comments?post=504"}],"version-history":[{"count":9,"href":"https:\/\/www.prorealestate.es\/es\/wp-json\/wp\/v2\/pages\/504\/revisions"}],"predecessor-version":[{"id":1260,"href":"https:\/\/www.prorealestate.es\/es\/wp-json\/wp\/v2\/pages\/504\/revisions\/1260"}],"up":[{"embeddable":true,"href":"https:\/\/www.prorealestate.es\/es\/wp-json\/wp\/v2\/pages\/488"}],"wp:attachment":[{"href":"https:\/\/www.prorealestate.es\/es\/wp-json\/wp\/v2\/media?parent=504"}],"curies":[{"name":"wp","href":"https:\/\/api.w.org\/{rel}","templated":true}]}}