{"id":490,"date":"2022-06-23T12:21:40","date_gmt":"2022-06-23T10:21:40","guid":{"rendered":"https:\/\/www.prorealestate.es\/sobre-pro-real-estate\/added-value\/"},"modified":"2022-08-22T11:12:28","modified_gmt":"2022-08-22T09:12:28","slug":"valor-anadido","status":"publish","type":"page","link":"https:\/\/www.prorealestate.es\/es\/sobre-pro-real-estate\/valor-anadido\/","title":{"rendered":"Valor a\u00f1adido"},"content":{"rendered":"\n<section class=\"wp-block-uagb-section uagb-section__wrap uagb-section__background-image uagb-block-8e5f790f\"><div class=\"uagb-section__overlay\"><\/div><div class=\"uagb-section__inner-wrap\">\n<section class=\"wp-block-uagb-columns uagb-columns__wrap uagb-columns__background-none uagb-columns__stack-mobile uagb-columns__valign- uagb-columns__gap-0 align uagb-block-4e0fb863 uagb-columns__columns-2 uagb-columns__max_width-theme\"><div class=\"uagb-columns__overlay\"><\/div><div class=\"uagb-columns__inner-wrap uagb-columns__columns-2\">\n<div class=\"wp-block-uagb-column uagb-column__wrap uagb-column__background-undefined uagb-block-c626e477\"><div class=\"uagb-column__overlay\"><\/div>\n<div style=\"height:48px\" aria-hidden=\"true\" class=\"wp-block-spacer\"><\/div>\n\n\n\n<h1 class=\"wp-block-heading\">Valor a\u00f1adido<\/h1>\n\n\n\n<div style=\"height:20px\" aria-hidden=\"true\" class=\"wp-block-spacer uag-hide-mob\"><\/div>\n\n\n\n<h2 class=\"wp-block-heading\" style=\"line-height:1.7\">Un servicio personal basado en el conocimiento t\u00e9cnico, no en un entorno de ventas.<\/h2>\n\n\n\n<div style=\"height:48px\" aria-hidden=\"true\" class=\"wp-block-spacer\"><\/div>\n\n\n\n<section class=\"wp-block-uagb-section uagb-section__wrap uagb-section__background-undefined uagb-block-65d28a8a\"><div class=\"uagb-section__overlay\"><\/div><div class=\"uagb-section__inner-wrap\">\n<figure class=\"wp-block-image size-full\"><img loading=\"lazy\" decoding=\"async\" width=\"476\" height=\"507\" src=\"https:\/\/www.prorealestate.es\/wp-content\/uploads\/2022\/07\/added-value.png\" alt=\"Added value\" class=\"wp-image-314\" srcset=\"https:\/\/www.prorealestate.es\/wp-content\/uploads\/2022\/07\/added-value.png 476w, https:\/\/www.prorealestate.es\/wp-content\/uploads\/2022\/07\/added-value-282x300.png 282w\" sizes=\"auto, (max-width: 476px) 100vw, 476px\" \/><\/figure>\n<\/div><\/section>\n<\/div>\n\n\n\n<div class=\"wp-block-uagb-column uagb-column__wrap uagb-column__background-undefined uagb-block-e143ba30\"><div class=\"uagb-column__overlay\"><\/div>\n<div style=\"height:48px\" aria-hidden=\"true\" class=\"wp-block-spacer uag-hide-mob\"><\/div>\n\n\n\n<p>El aspecto principal que distingue&nbsp;<strong>Pro Real Estate<\/strong>&nbsp;de muchas otras agencias inmobiliarias de la costa es la forma en que realizamos nuestro trabajo. En&nbsp;<strong>Pro<\/strong>&nbsp;ofrecemos un servicio personal basado en conocimientos t\u00e9cnicos y no un entorno de ventas.<\/p>\n\n\n\n<p>Nuestra forma de entender el mercado inmobiliario de&nbsp;<strong>Marbella<\/strong>, sus propiedades, zonas y precios no tiene parang\u00f3n, por lo que podemos ofrecer no s\u00f3lo la mejor selecci\u00f3n de propiedades sino tambi\u00e9n un servicio de tasaciones rigurosas adem\u00e1s de informaci\u00f3n y asesoramiento totalmente fiables.<\/p>\n\n\n\n<h4 class=\"wp-block-heading\"><strong>Un servicio inmobiliario completo<\/strong><\/h4>\n\n\n\n<p>Nuestros servicios son contratados por inversores privados e institucionales de primer orden que conf\u00edan en nuestro saber hacer profesional y en nuestra discreci\u00f3n. En cuanto a los compradores, nos centramos igualmente en ofrecerles un servicio personal de calidad y no los engatusamos con personal de ventas inexperto puesto que nos comprometemos a encontrarles la propiedad ideal al mejor precio.<\/p>\n\n\n\n<p>Nos hemos movido con el mercado, habiendo evolucionado desde los d\u00edas anteriores a la irrupci\u00f3n de Internet al entorno de marketing digital actual; pero sobre todo ofrecemos una visi\u00f3n personal y un nivel de producto y de conocimiento del mercado tales que incluso otros agentes acuden a nosotros por informaci\u00f3n y por las mejores propiedades de&nbsp;<strong>Marbella<\/strong>&nbsp;que se anuncian con nosotros.<\/p>\n\n\n\n<p>Nos hemos ganado el derecho a ser selectivos, por lo que en&nbsp;<strong>PRO Real Estate<\/strong>&nbsp;ofrecemos una selecci\u00f3n de&nbsp;<strong>villas<\/strong>,&nbsp;<strong>apartamentos<\/strong>,&nbsp;<strong>\u00e1ticos<\/strong>&nbsp;y&nbsp;<strong>terrenos<\/strong>&nbsp;de primera categor\u00eda en la zona de&nbsp;<strong>Marbella<\/strong>.<\/p>\n<\/div>\n<\/div><\/section>\n<\/div><\/section>\n\n\n\n<section class=\"wp-block-uagb-section uagb-section__wrap uagb-section__background-image uagb-block-a01c85d3\"><div class=\"uagb-section__overlay\"><\/div><div class=\"uagb-section__inner-wrap\">\n<hr class=\"wp-block-separator has-alpha-channel-opacity\"\/>\n\n\n\n<div style=\"height:20px\" aria-hidden=\"true\" class=\"wp-block-spacer\"><\/div>\n\n\n\n<h3 class=\"wp-block-heading\" style=\"font-size:32px\">Cont\u00e1ctenos<\/h3>\n\n\n\n<div style=\"height:20px\" aria-hidden=\"true\" class=\"wp-block-spacer\"><\/div>\n\n\n\n<h2 class=\"wp-block-heading\" style=\"line-height:1.7\">Si tiene culquier duda escr\u00edbanos sin compromiso,<br>nuestro equipo le atender\u00e1 lo antes posible.<\/h2>\n\n\n\n<div style=\"height:48px\" aria-hidden=\"true\" class=\"wp-block-spacer\"><\/div>\n\n\n\n<div class=\"wp-block-contact-form-7-contact-form-selector\">\n<div class=\"wpcf7 no-js\" id=\"wpcf7-f596-o1\" lang=\"es-ES\" dir=\"ltr\" data-wpcf7-id=\"596\">\n<div class=\"screen-reader-response\"><p role=\"status\" aria-live=\"polite\" aria-atomic=\"true\"><\/p> <ul><\/ul><\/div>\n<form action=\"\/es\/wp-json\/wp\/v2\/pages\/490#wpcf7-f596-o1\" method=\"post\" class=\"wpcf7-form init wpcf7-acceptance-as-validation\" aria-label=\"Formulario de contacto\" novalidate=\"novalidate\" data-status=\"init\">\n<fieldset class=\"hidden-fields-container\"><input type=\"hidden\" name=\"_wpcf7\" value=\"596\" \/><input type=\"hidden\" name=\"_wpcf7_version\" value=\"6.1.5\" \/><input type=\"hidden\" name=\"_wpcf7_locale\" value=\"es_ES\" \/><input type=\"hidden\" name=\"_wpcf7_unit_tag\" value=\"wpcf7-f596-o1\" \/><input type=\"hidden\" name=\"_wpcf7_container_post\" value=\"0\" \/><input type=\"hidden\" name=\"_wpcf7_posted_data_hash\" value=\"\" \/><input type=\"hidden\" name=\"_wpcf7_recaptcha_response\" value=\"\" \/>\n<\/fieldset>\n<div class=\"row\">\n\t<div class=\"col-md-6 pb-3\">\n\t\t<p><label><span class=\"wpcf7-form-control-wrap\" data-name=\"your-name\"><input size=\"40\" maxlength=\"400\" class=\"wpcf7-form-control wpcf7-text wpcf7-validates-as-required form-control\" aria-required=\"true\" aria-invalid=\"false\" placeholder=\"Nombre completo *\" value=\"\" type=\"text\" name=\"your-name\" \/><\/span><\/label>\n\t\t<\/p>\n\t<\/div>\n\t<div class=\"col-md-12\">\n\t<\/div>\n\t<div class=\"col-md-3 pb-3\" class:form-control>\n\t\t<p><label><span class=\"wpcf7-form-control-wrap\" data-name=\"tel-380\"><input size=\"40\" maxlength=\"400\" class=\"wpcf7-form-control wpcf7-tel wpcf7-text wpcf7-validates-as-tel form-control\" aria-invalid=\"false\" placeholder=\"Tel\u00e9fono\" value=\"\" type=\"tel\" name=\"tel-380\" \/><\/span><\/label><span class=\"size-11 font-color-grey ms-3\">Por favor a\u00f1ada el prefijo del pa\u00eds.<\/span>\n\t\t<\/p>\n\t<\/div>\n\t<div class=\"col-md-3 pb-3\">\n\t\t<p><label><span class=\"wpcf7-form-control-wrap\" data-name=\"countrytext-287\"><input size=\"40\" class=\"wpcf7-form-control wpcf7-countrytext wpcf7-text wpcf7-validates-as-countrytext form-select\" aria-invalid=\"false\" value=\"\" type=\"text\" name=\"countrytext-287\" \/><\/span><\/label>\n\t\t<\/p>\n\t<\/div>\n\t<div class=\"col-md-6 pb-3\">\n\t\t<p><label><span class=\"wpcf7-form-control-wrap\" data-name=\"your-email\"><input size=\"40\" maxlength=\"400\" class=\"wpcf7-form-control wpcf7-email wpcf7-validates-as-required wpcf7-text wpcf7-validates-as-email form-control\" aria-required=\"true\" aria-invalid=\"false\" placeholder=\"Email *\" value=\"\" type=\"email\" name=\"your-email\" \/><\/span><\/label>\n\t\t<\/p>\n\t<\/div>\n\t<p>\u00bfQu\u00e9 est\u00e1 buscando?\n\t<\/p>\n\t<div class=\"col-md-3 pb-3\">\n\t\t<p><label><span class=\"wpcf7-form-control-wrap\" data-name=\"your-property\"><input size=\"40\" maxlength=\"400\" class=\"wpcf7-form-control wpcf7-text form-control\" aria-invalid=\"false\" placeholder=\"Tipo de propiedad\" value=\"\" type=\"text\" name=\"your-property\" \/><\/span><\/label>\n\t\t<\/p>\n\t<\/div>\n\t<div class=\"col-md-3 pb-3\">\n\t\t<p><label><span class=\"wpcf7-form-control-wrap\" data-name=\"your-budget\"><input size=\"40\" maxlength=\"400\" class=\"wpcf7-form-control wpcf7-text wpcf7-validates-as-required form-control\" aria-required=\"true\" aria-invalid=\"false\" placeholder=\"Presupuesto (EUR) *\" value=\"\" type=\"text\" name=\"your-budget\" \/><\/span><\/label>\n\t\t<\/p>\n\t<\/div>\n\t<div class=\"col-md-3 pb-3\">\n\t\t<p><span class=\"wpcf7-form-control-wrap\" data-name=\"your-enquiry\"><span class=\"wpcf7-form-control wpcf7-checkbox wpcf7-exclusive-checkbox\"><span class=\"wpcf7-list-item first\"><span class=\"wpcf7-list-item-label\">Compra<\/span><input type=\"checkbox\" name=\"your-enquiry\" value=\"Compra\" checked=\"checked\" \/><\/span><span class=\"wpcf7-list-item\"><span class=\"wpcf7-list-item-label\">Venta<\/span><input type=\"checkbox\" name=\"your-enquiry\" value=\"Venta\" \/><\/span><span class=\"wpcf7-list-item last\"><span class=\"wpcf7-list-item-label\">Alquiler<\/span><input type=\"checkbox\" name=\"your-enquiry\" value=\"Alquiler\" \/><\/span><\/span><\/span>\n\t\t<\/p>\n\t<\/div>\n\t<div class=\"col-md-6 pb-3\">\n\t\t<p>\u00bfD\u00f3nde nos has encontrado?\n\t\t<\/p>\n\t\t<p><span class=\"wpcf7-form-control-wrap\" data-name=\"your-enquiry\"><span class=\"wpcf7-form-control wpcf7-checkbox\"><span class=\"wpcf7-list-item first\"><span class=\"wpcf7-list-item-label\">Google<\/span><input type=\"checkbox\" name=\"your-enquiry[]\" value=\"Google\" \/><\/span><span class=\"wpcf7-list-item\"><span class=\"wpcf7-list-item-label\">Instagram<\/span><input type=\"checkbox\" name=\"your-enquiry[]\" value=\"Instagram\" \/><\/span><span class=\"wpcf7-list-item\"><span class=\"wpcf7-list-item-label\">Facebook<\/span><input type=\"checkbox\" name=\"your-enquiry[]\" value=\"Facebook\" \/><\/span><span class=\"wpcf7-list-item\"><span class=\"wpcf7-list-item-label\">Linkedin<\/span><input type=\"checkbox\" name=\"your-enquiry[]\" value=\"Linkedin\" \/><\/span><span class=\"wpcf7-list-item last\"><span class=\"wpcf7-list-item-label\">Recomendaci\u00f3n<\/span><input type=\"checkbox\" name=\"your-enquiry[]\" value=\"Recomendaci\u00f3n\" \/><\/span><\/span><\/span>\n\t\t<\/p>\n\t<\/div>\n\t<div class=\"col-md-12 pb-3\">\n\t\t<p><label><span class=\"wpcf7-form-control-wrap\" data-name=\"your-message\"><textarea cols=\"40\" rows=\"10\" maxlength=\"2000\" class=\"wpcf7-form-control wpcf7-textarea form-control\" aria-invalid=\"false\" placeholder=\"Su mensaje\" name=\"your-message\"><\/textarea><\/span><\/label>\n\t\t<\/p>\n\t<\/div>\n\t<div class=\"col-md-6 pb-4\">\n\t\t<div class=\"mb-2\">\n\t\t\t<p><label><span class=\"wpcf7-form-control-wrap\" data-name=\"acceptance-947\"><span class=\"wpcf7-form-control wpcf7-acceptance\"><span class=\"wpcf7-list-item\"><input type=\"checkbox\" name=\"acceptance-947\" value=\"1\" aria-invalid=\"false\" \/><\/span><\/span><\/span> He le\u00eddo y acepto la <a href=\"\/es\/politica-privacidad\/\" target=\"_blank\"><strong>Politica de privacidad<\/strong><\/a><\/label>\n\t\t\t<\/p>\n\t\t<\/div>\n\t\t<div class=\"mt-1\">\n\t\t\t<p><label class=\"d-flex\"><span class=\"wpcf7-form-control-wrap\" data-name=\"acceptance-948\"><span class=\"wpcf7-form-control wpcf7-acceptance optional\"><span class=\"wpcf7-list-item\"><input type=\"checkbox\" name=\"acceptance-948\" value=\"1\" aria-invalid=\"false\" \/><\/span><\/span><\/span> Acepto recibir informaci\u00f3n comercial de Pro Real Estate<\/label>\n\t\t\t<\/p>\n\t\t<\/div>\n\t<\/div>\n\t<div class=\"col-md-3 offset-md-3\">\n\t\t<p><input class=\"wpcf7-form-control wpcf7-submit has-spinner btn btn-primary\" type=\"submit\" value=\"ENVIAR\" \/>\n\t\t<\/p>\n\t<\/div>\n<\/div><div class=\"wpcf7-response-output\" aria-hidden=\"true\"><\/div>\n<\/form>\n<\/div>\n<\/div>\n<\/div><\/section>\n","protected":false},"excerpt":{"rendered":"","protected":false},"author":3,"featured_media":0,"parent":488,"menu_order":0,"comment_status":"closed","ping_status":"closed","template":"","meta":{"_uag_custom_page_level_css":"","_monsterinsights_skip_tracking":false,"_monsterinsights_sitenote_active":false,"_monsterinsights_sitenote_note":"","_monsterinsights_sitenote_category":0,"_uf_show_specific_survey":0,"_uf_disable_surveys":false,"footnotes":""},"class_list":["post-490","page","type-page","status-publish","hentry"],"aioseo_notices":[],"uagb_featured_image_src":{"full":false,"thumbnail":false,"medium":false,"medium_large":false,"large":false,"1536x1536":false,"2048x2048":false,"big-size":false},"uagb_author_info":{"display_name":"Imagen Consulting","author_link":"https:\/\/www.prorealestate.es\/es\/author\/pr0r34ladm1c\/"},"uagb_comment_info":0,"uagb_excerpt":null,"_links":{"self":[{"href":"https:\/\/www.prorealestate.es\/es\/wp-json\/wp\/v2\/pages\/490","targetHints":{"allow":["GET"]}}],"collection":[{"href":"https:\/\/www.prorealestate.es\/es\/wp-json\/wp\/v2\/pages"}],"about":[{"href":"https:\/\/www.prorealestate.es\/es\/wp-json\/wp\/v2\/types\/page"}],"author":[{"embeddable":true,"href":"https:\/\/www.prorealestate.es\/es\/wp-json\/wp\/v2\/users\/3"}],"replies":[{"embeddable":true,"href":"https:\/\/www.prorealestate.es\/es\/wp-json\/wp\/v2\/comments?post=490"}],"version-history":[{"count":8,"href":"https:\/\/www.prorealestate.es\/es\/wp-json\/wp\/v2\/pages\/490\/revisions"}],"predecessor-version":[{"id":1268,"href":"https:\/\/www.prorealestate.es\/es\/wp-json\/wp\/v2\/pages\/490\/revisions\/1268"}],"up":[{"embeddable":true,"href":"https:\/\/www.prorealestate.es\/es\/wp-json\/wp\/v2\/pages\/488"}],"wp:attachment":[{"href":"https:\/\/www.prorealestate.es\/es\/wp-json\/wp\/v2\/media?parent=490"}],"curies":[{"name":"wp","href":"https:\/\/api.w.org\/{rel}","templated":true}]}}